{"id":61695,"date":"2024-02-22T15:02:28","date_gmt":"2024-02-22T13:02:28","guid":{"rendered":"https:\/\/bakertillysee.com\/who-we-are\/transparency-report\/"},"modified":"2025-09-17T11:45:06","modified_gmt":"2025-09-17T09:45:06","slug":"transparency-report","status":"publish","type":"page","link":"https:\/\/bakertillysee.com\/md\/who-we-are\/transparency-report\/","title":{"rendered":"Raport de Transparenta"},"content":{"rendered":"<div class=\"wpb-content-wrapper\">[vc_row][vc_column][vc_column_text css=&#8221;&#8221;]\r\n\r\nRaportul nostru anual de transparen\u021b\u0103 include detalii despre structura noastr\u0103 juridic\u0103 \u0219i de proprietate, structura de guvernan\u021b\u0103, controlul intern al calit\u0103\u021bii \u0219i practicile de asigurare a calit\u0103\u021bii \u0219i independen\u021bei.\r\n\r\nRaportul de transparen\u021b\u0103 este o oportunitate bun\u0103 pentru noi de a oferi informa\u021bii relevante, fiabile \u0219i utile utilizatorilor de informa\u021bii financiare \u0219i de a comunica o autoevaluare echilibrat\u0103 a provoc\u0103rilor cu care ne confrunt\u0103m \u00een ceea ce prive\u0219te calitatea auditului \u0219i eficacitatea ac\u021biunilor noastre pentru a le dep\u0103\u0219i.\r\n\r\n[\/vc_column_text][\/vc_column][\/vc_row][vc_row][vc_column][vc_btn title=&#8221;Baker Tilly Moldova &#8211; Transparency Report 2024&#8243; style=&#8221;custom&#8221; custom_background=&#8221;#00BAB3&#8243; custom_text=&#8221;#2B303A&#8221; size=&#8221;lg&#8221; css=&#8221;&#8221; link=&#8221;url:https%3A%2F%2Fbakertillysee.com%2Fwp-content%2Fuploads%2F2025%2F05%2FBaker-Tilly-Moldova-Transparency-report-2024.pdf&#8221;][\/vc_column][\/vc_row]<!-- \/wp:post-content --><\/div>","protected":false},"excerpt":{"rendered":"<p>[vc_row][vc_column][vc_column_text css=&#8221;&#8221;] Raportul nostru anual de transparen\u021b\u0103 include detalii despre structura noastr\u0103 juridic\u0103 \u0219i de proprietate, structura de guvernan\u021b\u0103, controlul intern al calit\u0103\u021bii \u0219i practicile de asigurare a calit\u0103\u021bii \u0219i independen\u021bei. Raportul de transparen\u021b\u0103 este o oportunitate bun\u0103 pentru noi de a oferi informa\u021bii relevante, fiabile \u0219i utile utilizatorilor de informa\u021bii financiare \u0219i de a&hellip;<\/p>\n","protected":false},"author":1,"featured_media":0,"parent":61687,"menu_order":0,"comment_status":"closed","ping_status":"closed","template":"","meta":{"episode_type":"","audio_file":"","cover_image":"","cover_image_id":"","duration":"","filesize":"","date_recorded":"","explicit":"","block":"","filesize_raw":"","footnotes":""},"class_list":["post-61695","page","type-page","status-publish","hentry","description-off"],"yoast_head":"<!-- This site is optimized with the Yoast SEO Premium plugin v25.0 (Yoast SEO v25.0) - https:\/\/yoast.com\/wordpress\/plugins\/seo\/ -->\n<title>Raport de Transparenta - Baker Tilly South East Europe<\/title>\n<meta name=\"robots\" content=\"index, follow, max-snippet:-1, max-image-preview:large, max-video-preview:-1\" \/>\n<link rel=\"canonical\" href=\"https:\/\/bakertillysee.com\/md\/who-we-are\/transparency-report\/\" \/>\n<meta property=\"og:locale\" content=\"en_US\" \/>\n<meta property=\"og:type\" content=\"article\" \/>\n<meta property=\"og:title\" content=\"Raport de Transparenta\" \/>\n<meta property=\"og:description\" content=\"[vc_row][vc_column][vc_column_text css=&#8221;&#8221;] Raportul nostru anual de transparen\u021b\u0103 include detalii despre structura noastr\u0103 juridic\u0103 \u0219i de proprietate, structura de guvernan\u021b\u0103, controlul intern al calit\u0103\u021bii \u0219i practicile de asigurare a calit\u0103\u021bii \u0219i independen\u021bei. Raportul de transparen\u021b\u0103 este o oportunitate bun\u0103 pentru noi de a oferi informa\u021bii relevante, fiabile \u0219i utile utilizatorilor de informa\u021bii financiare \u0219i de a&hellip;\" \/>\n<meta property=\"og:url\" content=\"https:\/\/bakertillysee.com\/md\/who-we-are\/transparency-report\/\" \/>\n<meta property=\"og:site_name\" content=\"Baker Tilly South East Europe\" \/>\n<meta property=\"article:modified_time\" content=\"2025-09-17T09:45:06+00:00\" \/>\n<meta name=\"twitter:card\" content=\"summary_large_image\" \/>\n<meta name=\"twitter:label1\" content=\"Est. reading time\" \/>\n\t<meta name=\"twitter:data1\" content=\"1 minute\" \/>\n<script type=\"application\/ld+json\" class=\"yoast-schema-graph\">{\"@context\":\"https:\/\/schema.org\",\"@graph\":[{\"@type\":\"WebPage\",\"@id\":\"https:\/\/bakertillysee.com\/md\/who-we-are\/transparency-report\/\",\"url\":\"https:\/\/bakertillysee.com\/md\/who-we-are\/transparency-report\/\",\"name\":\"Raport de Transparenta - Baker Tilly South East Europe\",\"isPartOf\":{\"@id\":\"https:\/\/bakertillysee.com\/#website\"},\"datePublished\":\"2024-02-22T13:02:28+00:00\",\"dateModified\":\"2025-09-17T09:45:06+00:00\",\"breadcrumb\":{\"@id\":\"https:\/\/bakertillysee.com\/md\/who-we-are\/transparency-report\/#breadcrumb\"},\"inLanguage\":\"md\",\"potentialAction\":[{\"@type\":\"ReadAction\",\"target\":[\"https:\/\/bakertillysee.com\/md\/who-we-are\/transparency-report\/\"]}]},{\"@type\":\"BreadcrumbList\",\"@id\":\"https:\/\/bakertillysee.com\/md\/who-we-are\/transparency-report\/#breadcrumb\",\"itemListElement\":[{\"@type\":\"ListItem\",\"position\":1,\"name\":\"Home\",\"item\":\"https:\/\/bakertillysee.com\/md\/\"},{\"@type\":\"ListItem\",\"position\":2,\"name\":\"Cine suntem\",\"item\":\"https:\/\/bakertillysee.com\/md\/who-we-are\/\"},{\"@type\":\"ListItem\",\"position\":3,\"name\":\"Raport de Transparenta\"}]},{\"@type\":\"WebSite\",\"@id\":\"https:\/\/bakertillysee.com\/#website\",\"url\":\"https:\/\/bakertillysee.com\/\",\"name\":\"Baker Tilly South East Europe\",\"description\":\"Assurance | Tax | Advisory\",\"publisher\":{\"@id\":\"https:\/\/bakertillysee.com\/#organization\"},\"potentialAction\":[{\"@type\":\"SearchAction\",\"target\":{\"@type\":\"EntryPoint\",\"urlTemplate\":\"https:\/\/bakertillysee.com\/?s={search_term_string}\"},\"query-input\":{\"@type\":\"PropertyValueSpecification\",\"valueRequired\":true,\"valueName\":\"search_term_string\"}}],\"inLanguage\":\"md\"},{\"@type\":\"Organization\",\"@id\":\"https:\/\/bakertillysee.com\/#organization\",\"name\":\"Baker Tilly South East Europe\",\"url\":\"https:\/\/bakertillysee.com\/\",\"logo\":{\"@type\":\"ImageObject\",\"inLanguage\":\"md\",\"@id\":\"https:\/\/bakertillysee.com\/#\/schema\/logo\/image\/\",\"url\":\"https:\/\/bakertillysee.com\/wp-content\/uploads\/2025\/04\/Baker-Tilly_Charcoal_png-4.png\",\"contentUrl\":\"https:\/\/bakertillysee.com\/wp-content\/uploads\/2025\/04\/Baker-Tilly_Charcoal_png-4.png\",\"width\":449,\"height\":119,\"caption\":\"Baker Tilly South East Europe\"},\"image\":{\"@id\":\"https:\/\/bakertillysee.com\/#\/schema\/logo\/image\/\"}}]}<\/script>\n<!-- \/ Yoast SEO Premium plugin. -->","yoast_head_json":{"title":"Raport de Transparenta - Baker Tilly South East Europe","robots":{"index":"index","follow":"follow","max-snippet":"max-snippet:-1","max-image-preview":"max-image-preview:large","max-video-preview":"max-video-preview:-1"},"canonical":"https:\/\/bakertillysee.com\/md\/who-we-are\/transparency-report\/","og_locale":"en_US","og_type":"article","og_title":"Raport de Transparenta","og_description":"[vc_row][vc_column][vc_column_text css=&#8221;&#8221;] Raportul nostru anual de transparen\u021b\u0103 include detalii despre structura noastr\u0103 juridic\u0103 \u0219i de proprietate, structura de guvernan\u021b\u0103, controlul intern al calit\u0103\u021bii \u0219i practicile de asigurare a calit\u0103\u021bii \u0219i independen\u021bei. Raportul de transparen\u021b\u0103 este o oportunitate bun\u0103 pentru noi de a oferi informa\u021bii relevante, fiabile \u0219i utile utilizatorilor de informa\u021bii financiare \u0219i de a&hellip;","og_url":"https:\/\/bakertillysee.com\/md\/who-we-are\/transparency-report\/","og_site_name":"Baker Tilly South East Europe","article_modified_time":"2025-09-17T09:45:06+00:00","twitter_card":"summary_large_image","twitter_misc":{"Est. reading time":"1 minute"},"schema":{"@context":"https:\/\/schema.org","@graph":[{"@type":"WebPage","@id":"https:\/\/bakertillysee.com\/md\/who-we-are\/transparency-report\/","url":"https:\/\/bakertillysee.com\/md\/who-we-are\/transparency-report\/","name":"Raport de Transparenta - Baker Tilly South East Europe","isPartOf":{"@id":"https:\/\/bakertillysee.com\/#website"},"datePublished":"2024-02-22T13:02:28+00:00","dateModified":"2025-09-17T09:45:06+00:00","breadcrumb":{"@id":"https:\/\/bakertillysee.com\/md\/who-we-are\/transparency-report\/#breadcrumb"},"inLanguage":"md","potentialAction":[{"@type":"ReadAction","target":["https:\/\/bakertillysee.com\/md\/who-we-are\/transparency-report\/"]}]},{"@type":"BreadcrumbList","@id":"https:\/\/bakertillysee.com\/md\/who-we-are\/transparency-report\/#breadcrumb","itemListElement":[{"@type":"ListItem","position":1,"name":"Home","item":"https:\/\/bakertillysee.com\/md\/"},{"@type":"ListItem","position":2,"name":"Cine suntem","item":"https:\/\/bakertillysee.com\/md\/who-we-are\/"},{"@type":"ListItem","position":3,"name":"Raport de Transparenta"}]},{"@type":"WebSite","@id":"https:\/\/bakertillysee.com\/#website","url":"https:\/\/bakertillysee.com\/","name":"Baker Tilly South East Europe","description":"Assurance | Tax | Advisory","publisher":{"@id":"https:\/\/bakertillysee.com\/#organization"},"potentialAction":[{"@type":"SearchAction","target":{"@type":"EntryPoint","urlTemplate":"https:\/\/bakertillysee.com\/?s={search_term_string}"},"query-input":{"@type":"PropertyValueSpecification","valueRequired":true,"valueName":"search_term_string"}}],"inLanguage":"md"},{"@type":"Organization","@id":"https:\/\/bakertillysee.com\/#organization","name":"Baker Tilly South East Europe","url":"https:\/\/bakertillysee.com\/","logo":{"@type":"ImageObject","inLanguage":"md","@id":"https:\/\/bakertillysee.com\/#\/schema\/logo\/image\/","url":"https:\/\/bakertillysee.com\/wp-content\/uploads\/2025\/04\/Baker-Tilly_Charcoal_png-4.png","contentUrl":"https:\/\/bakertillysee.com\/wp-content\/uploads\/2025\/04\/Baker-Tilly_Charcoal_png-4.png","width":449,"height":119,"caption":"Baker Tilly South East Europe"},"image":{"@id":"https:\/\/bakertillysee.com\/#\/schema\/logo\/image\/"}}]}},"_links":{"self":[{"href":"https:\/\/bakertillysee.com\/md\/wp-json\/wp\/v2\/pages\/61695","targetHints":{"allow":["GET"]}}],"collection":[{"href":"https:\/\/bakertillysee.com\/md\/wp-json\/wp\/v2\/pages"}],"about":[{"href":"https:\/\/bakertillysee.com\/md\/wp-json\/wp\/v2\/types\/page"}],"author":[{"embeddable":true,"href":"https:\/\/bakertillysee.com\/md\/wp-json\/wp\/v2\/users\/1"}],"replies":[{"embeddable":true,"href":"https:\/\/bakertillysee.com\/md\/wp-json\/wp\/v2\/comments?post=61695"}],"version-history":[{"count":10,"href":"https:\/\/bakertillysee.com\/md\/wp-json\/wp\/v2\/pages\/61695\/revisions"}],"predecessor-version":[{"id":64358,"href":"https:\/\/bakertillysee.com\/md\/wp-json\/wp\/v2\/pages\/61695\/revisions\/64358"}],"up":[{"embeddable":true,"href":"https:\/\/bakertillysee.com\/md\/wp-json\/wp\/v2\/pages\/61687"}],"wp:attachment":[{"href":"https:\/\/bakertillysee.com\/md\/wp-json\/wp\/v2\/media?parent=61695"}],"curies":[{"name":"wp","href":"https:\/\/api.w.org\/{rel}","templated":true}]}}