{"id":61727,"date":"2024-02-28T14:54:44","date_gmt":"2024-02-28T12:54:44","guid":{"rendered":"https:\/\/bakertillysee.com\/servicii\/advisory-services\/fund-services\/"},"modified":"2024-02-28T14:54:44","modified_gmt":"2024-02-28T14:54:44","slug":"fund-services","status":"publish","type":"page","link":"https:\/\/bakertillysee.com\/md\/pagina-de-pornire\/servicii\/advisory-services\/fund-services\/","title":{"rendered":"Servicii pentru fonduri"},"content":{"rendered":"<div>Serviciile noastre sunt concepute pentru a acoperi \u00een mod cuprinz\u0103tor at\u00e2t nevoile Fondurilor, c\u00e2t \u0219i pe cele ale Administratorilor de Fonduri.<\/div>\n<div><\/div>\n<div>Ne propunem s\u0103 aliniem cu precizie ofertele noastre la cerin\u021bele dvs. specifice din Industria Fondurilor.<\/div>\n<div><\/div>\n<div>Serviciile noastre specializate include:<\/div>\n<ul>\n<li>Management de proiect: \u00cen calitate de punct principal de contact, ne asigur\u0103m c\u0103 to\u021bi pa\u0219ii necesari sunt lua\u021bi \u0219i urma\u021bi pentru \u00eenfiin\u021barea unui fond de investi\u021bii alternative (FIA sau RAIF) \u0219i \/ sau a unui administrator de fonduri de investi\u021bii alternative (AFIA). Abordarea noastr\u0103 dedicat\u0103 managementului de proiect garanteaz\u0103 un proces de configurare simplificat \u0219i eficient.<\/li>\n<li>Licen\u021biere: Oferim instrumente esen\u021biale de indrumare pentru selectarea \u0219i structurarea tipului adecvat de FIA sau a structurii organizatorice optime a AFIA. \u00cen func\u021bie de nevoile dvs. specifice, suntem preg\u0103ti\u021bi s\u0103 preg\u0103tim \u0219i s\u0103 depunem cererea de \u00eenregistrare \u0219i s\u0103 supraveghem procesul p\u00e2n\u0103 la aprobarea acesteia de c\u0103tre Autoritatea de Reglementare.<\/li>\n<li>Servicii de audit extern\/intern: Serviciile noastre includ efectuarea Auditului statutar anual \u0219i a revizuirii intermediare a situa\u021biilor financiare \u00eentocmite \u00een conformitate cu Standardele Interna\u021bionale de Raportare Financiar\u0103 (IFRS) pentru Fond\/AFIA. \u00cen plus, oferim servicii de audit intern, asigurarea conformit\u0103\u021bii cu raportarea reglementar\u0103 \u0219i o revizuire periodic\u0103 a proceselor \u0219i procedurilor interne ale Fondului\/AFIA.<\/li>\n<li>Consultan\u021b\u0103 fiscal\u0103: Oferim consultan\u021b\u0103 cu privire la aspecte critice de planificare fiscal\u0103, oferind informa\u021bii \u0219i strategii pentru a v\u0103 optimiza pozi\u021bia fiscal\u0103.<\/li>\n<li>Servicii comerciale, de risc \u0219i corporative: Rolul nostru se extinde la a v\u0103 ajuta s\u0103 identifica\u021bi cele mai potrivite persoane\/entit\u0103\u021bi pentru toate func\u021biile necesare ale FIA\/AFIA. Acest lucru este facilitat prin re\u021beaua noastr\u0103 de asocia\u021bi profesioni\u0219ti de \u00eencredere.<\/li>\n<\/ul>\n<p>Serviciile din aceast\u0103 categorie includ Servicii de Administrare a Fondului, care cuprind:<\/p>\n<ul>\n<li>Servicii de secretariat \u0219i \u00eenregistrare<\/li>\n<li>Contabilitatea fondurilor \u0219i evaluarea activelor nete<\/li>\n<li>Conformitatea cu reglement\u0103rile \u0219i raportarea<\/li>\n<li>Servicii de conformitate AML \u0219i de gestionare a riscurilor.<\/li>\n<\/ul>\n<div>Gama noastr\u0103 larg\u0103 de servicii este adaptat\u0103 pentru a satisface nevoile diverse ale industriei fondurilor, asigur\u00e2ndu-v\u0103 c\u0103 organiza\u021bia dvs. este bine echipat\u0103 pentru a naviga cu \u00eencredere \u0219i eficien\u021b\u0103 \u00een complexitatea acestui sector.<\/div>\n","protected":false},"excerpt":{"rendered":"<p>Serviciile noastre sunt concepute pentru a acoperi \u00een mod cuprinz\u0103tor at\u00e2t nevoile Fondurilor, c\u00e2t \u0219i pe cele ale Administratorilor de Fonduri. Ne propunem s\u0103 aliniem cu precizie ofertele noastre la cerin\u021bele dvs. specifice din Industria Fondurilor. Serviciile noastre specializate include: Management de proiect: \u00cen calitate de punct principal de contact, ne asigur\u0103m c\u0103 to\u021bi pa\u0219ii&hellip;<\/p>\n","protected":false},"author":1,"featured_media":0,"parent":61720,"menu_order":0,"comment_status":"closed","ping_status":"closed","template":"","meta":{"episode_type":"","audio_file":"","cover_image":"","cover_image_id":"","duration":"","filesize":"","date_recorded":"","explicit":"","block":"","filesize_raw":"","footnotes":""},"class_list":["post-61727","page","type-page","status-publish","hentry","description-off"],"yoast_head":"<!-- This site is optimized with the Yoast SEO Premium plugin v25.0 (Yoast SEO v25.0) - https:\/\/yoast.com\/wordpress\/plugins\/seo\/ -->\n<title>Servicii pentru fonduri - Baker Tilly South East Europe<\/title>\n<meta name=\"robots\" content=\"index, follow, max-snippet:-1, max-image-preview:large, max-video-preview:-1\" \/>\n<link rel=\"canonical\" href=\"https:\/\/bakertillysee.com\/md\/pagina-de-pornire\/servicii\/advisory-services\/fund-services\/\" \/>\n<meta property=\"og:locale\" content=\"en_US\" \/>\n<meta property=\"og:type\" content=\"article\" \/>\n<meta property=\"og:title\" content=\"Servicii pentru fonduri\" \/>\n<meta property=\"og:description\" content=\"Serviciile noastre sunt concepute pentru a acoperi \u00een mod cuprinz\u0103tor at\u00e2t nevoile Fondurilor, c\u00e2t \u0219i pe cele ale Administratorilor de Fonduri. Ne propunem s\u0103 aliniem cu precizie ofertele noastre la cerin\u021bele dvs. specifice din Industria Fondurilor. Serviciile noastre specializate include: Management de proiect: \u00cen calitate de punct principal de contact, ne asigur\u0103m c\u0103 to\u021bi pa\u0219ii&hellip;\" \/>\n<meta property=\"og:url\" content=\"https:\/\/bakertillysee.com\/md\/pagina-de-pornire\/servicii\/advisory-services\/fund-services\/\" \/>\n<meta property=\"og:site_name\" content=\"Baker Tilly South East Europe\" \/>\n<meta property=\"article:modified_time\" content=\"2024-02-28T14:54:44+00:00\" \/>\n<meta name=\"twitter:card\" content=\"summary_large_image\" \/>\n<meta name=\"twitter:label1\" content=\"Est. reading time\" \/>\n\t<meta name=\"twitter:data1\" content=\"2 minutes\" \/>\n<script type=\"application\/ld+json\" class=\"yoast-schema-graph\">{\"@context\":\"https:\/\/schema.org\",\"@graph\":[{\"@type\":\"WebPage\",\"@id\":\"https:\/\/bakertillysee.com\/md\/pagina-de-pornire\/servicii\/advisory-services\/fund-services\/\",\"url\":\"https:\/\/bakertillysee.com\/md\/pagina-de-pornire\/servicii\/advisory-services\/fund-services\/\",\"name\":\"Servicii pentru fonduri - Baker Tilly South East Europe\",\"isPartOf\":{\"@id\":\"https:\/\/bakertillysee.com\/#website\"},\"datePublished\":\"2024-02-28T12:54:44+00:00\",\"dateModified\":\"2024-02-28T14:54:44+00:00\",\"breadcrumb\":{\"@id\":\"https:\/\/bakertillysee.com\/md\/pagina-de-pornire\/servicii\/advisory-services\/fund-services\/#breadcrumb\"},\"inLanguage\":\"md\",\"potentialAction\":[{\"@type\":\"ReadAction\",\"target\":[\"https:\/\/bakertillysee.com\/md\/pagina-de-pornire\/servicii\/advisory-services\/fund-services\/\"]}]},{\"@type\":\"BreadcrumbList\",\"@id\":\"https:\/\/bakertillysee.com\/md\/pagina-de-pornire\/servicii\/advisory-services\/fund-services\/#breadcrumb\",\"itemListElement\":[{\"@type\":\"ListItem\",\"position\":1,\"name\":\"Home\",\"item\":\"https:\/\/bakertillysee.com\/md\/\"},{\"@type\":\"ListItem\",\"position\":2,\"name\":\"Pagina de pornire\",\"item\":\"https:\/\/bakertillysee.com\/md\/\"},{\"@type\":\"ListItem\",\"position\":3,\"name\":\"Servicii\",\"item\":\"https:\/\/bakertillysee.com\/md\/pagina-de-pornire\/servicii\/\"},{\"@type\":\"ListItem\",\"position\":4,\"name\":\"Servicii de consultanta audit- Introducere\",\"item\":\"https:\/\/bakertillysee.com\/md\/pagina-de-pornire\/servicii\/advisory-services\/\"},{\"@type\":\"ListItem\",\"position\":5,\"name\":\"Servicii pentru fonduri\"}]},{\"@type\":\"WebSite\",\"@id\":\"https:\/\/bakertillysee.com\/#website\",\"url\":\"https:\/\/bakertillysee.com\/\",\"name\":\"Baker Tilly South East Europe\",\"description\":\"Assurance | Tax | Advisory\",\"publisher\":{\"@id\":\"https:\/\/bakertillysee.com\/#organization\"},\"potentialAction\":[{\"@type\":\"SearchAction\",\"target\":{\"@type\":\"EntryPoint\",\"urlTemplate\":\"https:\/\/bakertillysee.com\/?s={search_term_string}\"},\"query-input\":{\"@type\":\"PropertyValueSpecification\",\"valueRequired\":true,\"valueName\":\"search_term_string\"}}],\"inLanguage\":\"md\"},{\"@type\":\"Organization\",\"@id\":\"https:\/\/bakertillysee.com\/#organization\",\"name\":\"Baker Tilly South East Europe\",\"url\":\"https:\/\/bakertillysee.com\/\",\"logo\":{\"@type\":\"ImageObject\",\"inLanguage\":\"md\",\"@id\":\"https:\/\/bakertillysee.com\/#\/schema\/logo\/image\/\",\"url\":\"https:\/\/bakertillysee.com\/wp-content\/uploads\/2025\/04\/Baker-Tilly_Charcoal_png-4.png\",\"contentUrl\":\"https:\/\/bakertillysee.com\/wp-content\/uploads\/2025\/04\/Baker-Tilly_Charcoal_png-4.png\",\"width\":449,\"height\":119,\"caption\":\"Baker Tilly South East Europe\"},\"image\":{\"@id\":\"https:\/\/bakertillysee.com\/#\/schema\/logo\/image\/\"}}]}<\/script>\n<!-- \/ Yoast SEO Premium plugin. -->","yoast_head_json":{"title":"Servicii pentru fonduri - Baker Tilly South East Europe","robots":{"index":"index","follow":"follow","max-snippet":"max-snippet:-1","max-image-preview":"max-image-preview:large","max-video-preview":"max-video-preview:-1"},"canonical":"https:\/\/bakertillysee.com\/md\/pagina-de-pornire\/servicii\/advisory-services\/fund-services\/","og_locale":"en_US","og_type":"article","og_title":"Servicii pentru fonduri","og_description":"Serviciile noastre sunt concepute pentru a acoperi \u00een mod cuprinz\u0103tor at\u00e2t nevoile Fondurilor, c\u00e2t \u0219i pe cele ale Administratorilor de Fonduri. Ne propunem s\u0103 aliniem cu precizie ofertele noastre la cerin\u021bele dvs. specifice din Industria Fondurilor. Serviciile noastre specializate include: Management de proiect: \u00cen calitate de punct principal de contact, ne asigur\u0103m c\u0103 to\u021bi pa\u0219ii&hellip;","og_url":"https:\/\/bakertillysee.com\/md\/pagina-de-pornire\/servicii\/advisory-services\/fund-services\/","og_site_name":"Baker Tilly South East Europe","article_modified_time":"2024-02-28T14:54:44+00:00","twitter_card":"summary_large_image","twitter_misc":{"Est. reading time":"2 minutes"},"schema":{"@context":"https:\/\/schema.org","@graph":[{"@type":"WebPage","@id":"https:\/\/bakertillysee.com\/md\/pagina-de-pornire\/servicii\/advisory-services\/fund-services\/","url":"https:\/\/bakertillysee.com\/md\/pagina-de-pornire\/servicii\/advisory-services\/fund-services\/","name":"Servicii pentru fonduri - Baker Tilly South East Europe","isPartOf":{"@id":"https:\/\/bakertillysee.com\/#website"},"datePublished":"2024-02-28T12:54:44+00:00","dateModified":"2024-02-28T14:54:44+00:00","breadcrumb":{"@id":"https:\/\/bakertillysee.com\/md\/pagina-de-pornire\/servicii\/advisory-services\/fund-services\/#breadcrumb"},"inLanguage":"md","potentialAction":[{"@type":"ReadAction","target":["https:\/\/bakertillysee.com\/md\/pagina-de-pornire\/servicii\/advisory-services\/fund-services\/"]}]},{"@type":"BreadcrumbList","@id":"https:\/\/bakertillysee.com\/md\/pagina-de-pornire\/servicii\/advisory-services\/fund-services\/#breadcrumb","itemListElement":[{"@type":"ListItem","position":1,"name":"Home","item":"https:\/\/bakertillysee.com\/md\/"},{"@type":"ListItem","position":2,"name":"Pagina de pornire","item":"https:\/\/bakertillysee.com\/md\/"},{"@type":"ListItem","position":3,"name":"Servicii","item":"https:\/\/bakertillysee.com\/md\/pagina-de-pornire\/servicii\/"},{"@type":"ListItem","position":4,"name":"Servicii de consultanta audit- Introducere","item":"https:\/\/bakertillysee.com\/md\/pagina-de-pornire\/servicii\/advisory-services\/"},{"@type":"ListItem","position":5,"name":"Servicii pentru fonduri"}]},{"@type":"WebSite","@id":"https:\/\/bakertillysee.com\/#website","url":"https:\/\/bakertillysee.com\/","name":"Baker Tilly South East Europe","description":"Assurance | Tax | Advisory","publisher":{"@id":"https:\/\/bakertillysee.com\/#organization"},"potentialAction":[{"@type":"SearchAction","target":{"@type":"EntryPoint","urlTemplate":"https:\/\/bakertillysee.com\/?s={search_term_string}"},"query-input":{"@type":"PropertyValueSpecification","valueRequired":true,"valueName":"search_term_string"}}],"inLanguage":"md"},{"@type":"Organization","@id":"https:\/\/bakertillysee.com\/#organization","name":"Baker Tilly South East Europe","url":"https:\/\/bakertillysee.com\/","logo":{"@type":"ImageObject","inLanguage":"md","@id":"https:\/\/bakertillysee.com\/#\/schema\/logo\/image\/","url":"https:\/\/bakertillysee.com\/wp-content\/uploads\/2025\/04\/Baker-Tilly_Charcoal_png-4.png","contentUrl":"https:\/\/bakertillysee.com\/wp-content\/uploads\/2025\/04\/Baker-Tilly_Charcoal_png-4.png","width":449,"height":119,"caption":"Baker Tilly South East Europe"},"image":{"@id":"https:\/\/bakertillysee.com\/#\/schema\/logo\/image\/"}}]}},"_links":{"self":[{"href":"https:\/\/bakertillysee.com\/md\/wp-json\/wp\/v2\/pages\/61727","targetHints":{"allow":["GET"]}}],"collection":[{"href":"https:\/\/bakertillysee.com\/md\/wp-json\/wp\/v2\/pages"}],"about":[{"href":"https:\/\/bakertillysee.com\/md\/wp-json\/wp\/v2\/types\/page"}],"author":[{"embeddable":true,"href":"https:\/\/bakertillysee.com\/md\/wp-json\/wp\/v2\/users\/1"}],"replies":[{"embeddable":true,"href":"https:\/\/bakertillysee.com\/md\/wp-json\/wp\/v2\/comments?post=61727"}],"version-history":[{"count":0,"href":"https:\/\/bakertillysee.com\/md\/wp-json\/wp\/v2\/pages\/61727\/revisions"}],"up":[{"embeddable":true,"href":"https:\/\/bakertillysee.com\/md\/wp-json\/wp\/v2\/pages\/61720"}],"wp:attachment":[{"href":"https:\/\/bakertillysee.com\/md\/wp-json\/wp\/v2\/media?parent=61727"}],"curies":[{"name":"wp","href":"https:\/\/api.w.org\/{rel}","templated":true}]}}