{"id":61759,"date":"2014-04-07T15:12:56","date_gmt":"2014-04-07T13:12:56","guid":{"rendered":"https:\/\/bakertillysee.com\/contactati-ne\/"},"modified":"2025-01-22T09:21:07","modified_gmt":"2025-01-22T09:21:07","slug":"contactati-ne","status":"publish","type":"page","link":"https:\/\/bakertillysee.com\/md\/pagina-de-pornire\/contactati-ne\/","title":{"rendered":"Contacta\u0163i-ne"},"content":{"rendered":"<div class=\"wpb-content-wrapper\"><p>[vc_row css=&#8221;.vc_custom_1507551414137{padding-top: 70px !important;padding-bottom: 70px !important;}&#8221;][vc_column][vc_empty_space height=&#8221;50px&#8221;][\/vc_column][vc_column width=&#8221;2\/3&#8243;][vc_column_text css=&#8221;&#8221;]<\/p>\n<div class=\"prose mb-32\">\n<h2><strong>Totul \u00eencepe cu o conversa\u021bie<\/strong><\/h2>\n<p>&nbsp;<\/p>\n<\/div>\n<div class=\"mb-32\">Despre obiectivele, \u00eentreb\u0103rile, provoc\u0103rile tale. \u0218i despre perspectiva, sfaturile \u0219i rela\u021bia pe care le vei c\u00e2\u0219tiga. Acum, pentru m\u00e2ine.<\/div>\n<p>[\/vc_column_text][\/vc_column][vc_column width=&#8221;1\/3&#8243;][vc_column_text css=&#8221;&#8221;]<\/p>\n<h2><strong>Re\u021belele de socializare<\/strong><\/h2>\n<p class=\"mb-16\">Conecta\u021bi-v\u0103 \u0219i vede\u021bi cum este via\u021ba \u00een re\u021beaua noastr\u0103 global\u0103 pe re\u021belele sociale.<\/p>\n<p>[\/vc_column_text][vc_raw_html css=&#8221;&#8221;]JTNDYSUyMGhyZWYlM0QlMjJodHRwcyUzQSUyRiUyRnd3dy5saW5rZWRpbi5jb20lMkZjb21wYW55JTJGYmFrZXJ0aWxseXJvbWFuaWElMkYlMjIlM0UlM0NpJTIwY2xhc3MlM0QlMjJmYS1icmFuZHMlMjBmYS1saW5rZWRpbi1pbiUyMGZhLTJ4JTIyJTNFJTNDJTJGaSUzRSUzQyUyRmElM0UlMjAlMjZuYnNwJTNCJTI2bmJzcCUzQiUyMCUyMCUzQ2ElMjBocmVmJTNEJTIyaHR0cHMlM0ElMkYlMkZ3d3cuZmFjZWJvb2suY29tJTJGQmFrZXJ0aWxseU1EJTJGJTIyJTNFJTNDaSUyMGNsYXNzJTNEJTIyZmEtYnJhbmRzJTIwZmEtZmFjZWJvb2slMjBmYS0yeCUyMiUzRSUzQyUyRmklM0UlM0MlMkZhJTNFJTIwJTI2bmJzcCUzQiUyNm5ic3AlM0IlMjAlMjAlM0NhJTIwaHJlZiUzRCUyMmh0dHBzJTNBJTJGJTJGd3d3Lmluc3RhZ3JhbS5jb20lMkZiYWtlcnRpbGx5bWQlMkYlM0ZobCUzRGVuJTIyJTNFJTNDaSUyMGNsYXNzJTNEJTIyZmEtYnJhbmRzJTIwZmEtaW5zdGFncmFtJTIwZmEtMnglMjIlM0UlM0MlMkZpJTNFJTNDJTJGYSUzRSUyMCUyNm5ic3AlM0IlMjZuYnNwJTNCJTIwJTIwJTNDYSUyMGhyZWYlM0QlMjJodHRwcyUzQSUyRiUyRnguY29tJTJGaSUyRmZsb3clMkZsb2dpbiUzRnJlZGlyZWN0X2FmdGVyX2xvZ2luJTNEJTI1MkZCYWtlclRpbGx5cm8lMjIlM0UlM0NpJTIwY2xhc3MlM0QlMjJmYS1icmFuZHMlMjBmYS14LXR3aXR0ZXIlMjBmYS0yeCUyMiUzRSUzQyUyRmklM0UlM0MlMkZhJTNFJTIwJTI2bmJzcCUzQiUyNm5ic3AlM0IlMEE=[\/vc_raw_html][\/vc_column][\/vc_row][vc_row bg_type=&#8221;bg_color&#8221; bg_override=&#8221;ex-full&#8221; css=&#8221;.vc_custom_1507551497642{padding-top: 70px !important;padding-bottom: 70px !important;}&#8221; bg_color_value=&#8221;#f7f7f7&#8243;][vc_column][vc_raw_html css=&#8221;&#8221;]W2ZsdWVudGZvcm0gaWQ9IjMiXQ==[\/vc_raw_html][\/vc_column][\/vc_row][vc_row bg_type=&#8221;image&#8221; parallax_style=&#8221;vcpb-vz-jquery&#8221; bg_image_new=&#8221;id^55079|url^https:\/\/bakertillysee.com\/wp-content\/uploads\/2019\/11\/7-bg-132.jpg|caption^null|alt^null|title^7-bg-132|description^null&#8221; bg_image_repeat=&#8221;no-repeat&#8221; bg_override=&#8221;full&#8221; enable_overlay=&#8221;enable_overlay_value&#8221; overlay_color=&#8221;rgba(0,0,0,0.5)&#8221; css=&#8221;.vc_custom_1573471354754{padding-top: 70px !important;padding-bottom: 70px !important;}&#8221;][vc_column width=&#8221;2\/3&#8243;][\/vc_column][vc_column width=&#8221;1\/3&#8243;][\/vc_column][\/vc_row]<\/p>\n<\/div>","protected":false},"excerpt":{"rendered":"<p>[vc_row css=&#8221;.vc_custom_1507551414137{padding-top: 70px !important;padding-bottom: 70px !important;}&#8221;][vc_column][vc_empty_space height=&#8221;50px&#8221;][\/vc_column][vc_column width=&#8221;2\/3&#8243;][vc_column_text css=&#8221;&#8221;] Totul \u00eencepe cu o conversa\u021bie &nbsp; Despre obiectivele, \u00eentreb\u0103rile, provoc\u0103rile tale. \u0218i despre perspectiva, sfaturile \u0219i rela\u021bia pe care le vei c\u00e2\u0219tiga. Acum, pentru m\u00e2ine. [\/vc_column_text][\/vc_column][vc_column width=&#8221;1\/3&#8243;][vc_column_text css=&#8221;&#8221;] Re\u021belele de socializare Conecta\u021bi-v\u0103 \u0219i vede\u021bi cum este via\u021ba \u00een re\u021beaua noastr\u0103 global\u0103 pe re\u021belele sociale. [\/vc_column_text][vc_raw_html css=&#8221;&#8221;]JTNDYSUyMGhyZWYlM0QlMjJodHRwcyUzQSUyRiUyRnd3dy5saW5rZWRpbi5jb20lMkZjb21wYW55JTJGYmFrZXJ0aWxseXJvbWFuaWElMkYlMjIlM0UlM0NpJTIwY2xhc3MlM0QlMjJmYS1icmFuZHMlMjBmYS1saW5rZWRpbi1pbiUyMGZhLTJ4JTIyJTNFJTNDJTJGaSUzRSUzQyUyRmElM0UlMjAlMjZuYnNwJTNCJTI2bmJzcCUzQiUyMCUyMCUzQ2ElMjBocmVmJTNEJTIyaHR0cHMlM0ElMkYlMkZ3d3cuZmFjZWJvb2suY29tJTJGQmFrZXJ0aWxseU1EJTJGJTIyJTNFJTNDaSUyMGNsYXNzJTNEJTIyZmEtYnJhbmRzJTIwZmEtZmFjZWJvb2slMjBmYS0yeCUyMiUzRSUzQyUyRmklM0UlM0MlMkZhJTNFJTIwJTI2bmJzcCUzQiUyNm5ic3AlM0IlMjAlMjAlM0NhJTIwaHJlZiUzRCUyMmh0dHBzJTNBJTJGJTJGd3d3Lmluc3RhZ3JhbS5jb20lMkZiYWtlcnRpbGx5bWQlMkYlM0ZobCUzRGVuJTIyJTNFJTNDaSUyMGNsYXNzJTNEJTIyZmEtYnJhbmRzJTIwZmEtaW5zdGFncmFtJTIwZmEtMnglMjIlM0UlM0MlMkZpJTNFJTNDJTJGYSUzRSUyMCUyNm5ic3AlM0IlMjZuYnNwJTNCJTIwJTIwJTNDYSUyMGhyZWYlM0QlMjJodHRwcyUzQSUyRiUyRnguY29tJTJGaSUyRmZsb3clMkZsb2dpbiUzRnJlZGlyZWN0X2FmdGVyX2xvZ2luJTNEJTI1MkZCYWtlclRpbGx5cm8lMjIlM0UlM0NpJTIwY2xhc3MlM0QlMjJmYS1icmFuZHMlMjBmYS14LXR3aXR0ZXIlMjBmYS0yeCUyMiUzRSUzQyUyRmklM0UlM0MlMkZhJTNFJTIwJTI2bmJzcCUzQiUyNm5ic3AlM0IlMEE=[\/vc_raw_html][\/vc_column][\/vc_row][vc_row&hellip;<\/p>\n","protected":false},"author":1,"featured_media":0,"parent":61919,"menu_order":220,"comment_status":"closed","ping_status":"closed","template":"","meta":{"episode_type":"","audio_file":"","cover_image":"","cover_image_id":"","duration":"","filesize":"","date_recorded":"","explicit":"","block":"","filesize_raw":"","footnotes":""},"class_list":["post-61759","page","type-page","status-publish","hentry","description-off"],"yoast_head":"<!-- This site is optimized with the Yoast SEO Premium plugin v25.0 (Yoast SEO v25.0) - https:\/\/yoast.com\/wordpress\/plugins\/seo\/ -->\n<title>Contacta\u0163i-ne - Baker Tilly South East Europe<\/title>\n<meta name=\"robots\" content=\"index, follow, max-snippet:-1, max-image-preview:large, max-video-preview:-1\" \/>\n<link rel=\"canonical\" href=\"https:\/\/bakertillysee.com\/md\/pagina-de-pornire\/contactati-ne\/\" \/>\n<meta property=\"og:locale\" content=\"en_US\" \/>\n<meta property=\"og:type\" content=\"article\" \/>\n<meta property=\"og:title\" content=\"Contacta\u0163i-ne\" \/>\n<meta property=\"og:description\" content=\"[vc_row css=&#8221;.vc_custom_1507551414137{padding-top: 70px !important;padding-bottom: 70px !important;}&#8221;][vc_column][vc_empty_space height=&#8221;50px&#8221;][\/vc_column][vc_column width=&#8221;2\/3&#8243;][vc_column_text css=&#8221;&#8221;] Totul \u00eencepe cu o conversa\u021bie &nbsp; Despre obiectivele, \u00eentreb\u0103rile, provoc\u0103rile tale. \u0218i despre perspectiva, sfaturile \u0219i rela\u021bia pe care le vei c\u00e2\u0219tiga. Acum, pentru m\u00e2ine. [\/vc_column_text][\/vc_column][vc_column width=&#8221;1\/3&#8243;][vc_column_text css=&#8221;&#8221;] Re\u021belele de socializare Conecta\u021bi-v\u0103 \u0219i vede\u021bi cum este via\u021ba \u00een re\u021beaua noastr\u0103 global\u0103 pe re\u021belele sociale. [\/vc_column_text][vc_raw_html css=&#8221;&#8221;]JTNDYSUyMGhyZWYlM0QlMjJodHRwcyUzQSUyRiUyRnd3dy5saW5rZWRpbi5jb20lMkZjb21wYW55JTJGYmFrZXJ0aWxseXJvbWFuaWElMkYlMjIlM0UlM0NpJTIwY2xhc3MlM0QlMjJmYS1icmFuZHMlMjBmYS1saW5rZWRpbi1pbiUyMGZhLTJ4JTIyJTNFJTNDJTJGaSUzRSUzQyUyRmElM0UlMjAlMjZuYnNwJTNCJTI2bmJzcCUzQiUyMCUyMCUzQ2ElMjBocmVmJTNEJTIyaHR0cHMlM0ElMkYlMkZ3d3cuZmFjZWJvb2suY29tJTJGQmFrZXJ0aWxseU1EJTJGJTIyJTNFJTNDaSUyMGNsYXNzJTNEJTIyZmEtYnJhbmRzJTIwZmEtZmFjZWJvb2slMjBmYS0yeCUyMiUzRSUzQyUyRmklM0UlM0MlMkZhJTNFJTIwJTI2bmJzcCUzQiUyNm5ic3AlM0IlMjAlMjAlM0NhJTIwaHJlZiUzRCUyMmh0dHBzJTNBJTJGJTJGd3d3Lmluc3RhZ3JhbS5jb20lMkZiYWtlcnRpbGx5bWQlMkYlM0ZobCUzRGVuJTIyJTNFJTNDaSUyMGNsYXNzJTNEJTIyZmEtYnJhbmRzJTIwZmEtaW5zdGFncmFtJTIwZmEtMnglMjIlM0UlM0MlMkZpJTNFJTNDJTJGYSUzRSUyMCUyNm5ic3AlM0IlMjZuYnNwJTNCJTIwJTIwJTNDYSUyMGhyZWYlM0QlMjJodHRwcyUzQSUyRiUyRnguY29tJTJGaSUyRmZsb3clMkZsb2dpbiUzRnJlZGlyZWN0X2FmdGVyX2xvZ2luJTNEJTI1MkZCYWtlclRpbGx5cm8lMjIlM0UlM0NpJTIwY2xhc3MlM0QlMjJmYS1icmFuZHMlMjBmYS14LXR3aXR0ZXIlMjBmYS0yeCUyMiUzRSUzQyUyRmklM0UlM0MlMkZhJTNFJTIwJTI2bmJzcCUzQiUyNm5ic3AlM0IlMEE=[\/vc_raw_html][\/vc_column][\/vc_row][vc_row&hellip;\" \/>\n<meta property=\"og:url\" content=\"https:\/\/bakertillysee.com\/md\/pagina-de-pornire\/contactati-ne\/\" \/>\n<meta property=\"og:site_name\" content=\"Baker Tilly South East Europe\" \/>\n<meta property=\"article:modified_time\" content=\"2025-01-22T09:21:07+00:00\" \/>\n<meta name=\"twitter:card\" content=\"summary_large_image\" \/>\n<meta name=\"twitter:label1\" content=\"Est. reading time\" \/>\n\t<meta name=\"twitter:data1\" content=\"1 minute\" \/>\n<script type=\"application\/ld+json\" class=\"yoast-schema-graph\">{\"@context\":\"https:\/\/schema.org\",\"@graph\":[{\"@type\":\"WebPage\",\"@id\":\"https:\/\/bakertillysee.com\/md\/pagina-de-pornire\/contactati-ne\/\",\"url\":\"https:\/\/bakertillysee.com\/md\/pagina-de-pornire\/contactati-ne\/\",\"name\":\"Contacta\u0163i-ne - Baker Tilly South East Europe\",\"isPartOf\":{\"@id\":\"https:\/\/bakertillysee.com\/#website\"},\"datePublished\":\"2014-04-07T13:12:56+00:00\",\"dateModified\":\"2025-01-22T09:21:07+00:00\",\"breadcrumb\":{\"@id\":\"https:\/\/bakertillysee.com\/md\/pagina-de-pornire\/contactati-ne\/#breadcrumb\"},\"inLanguage\":\"md\",\"potentialAction\":[{\"@type\":\"ReadAction\",\"target\":[\"https:\/\/bakertillysee.com\/md\/pagina-de-pornire\/contactati-ne\/\"]}]},{\"@type\":\"BreadcrumbList\",\"@id\":\"https:\/\/bakertillysee.com\/md\/pagina-de-pornire\/contactati-ne\/#breadcrumb\",\"itemListElement\":[{\"@type\":\"ListItem\",\"position\":1,\"name\":\"Home\",\"item\":\"https:\/\/bakertillysee.com\/md\/\"},{\"@type\":\"ListItem\",\"position\":2,\"name\":\"Pagina de pornire\",\"item\":\"https:\/\/bakertillysee.com\/md\/\"},{\"@type\":\"ListItem\",\"position\":3,\"name\":\"Contacta\u0163i-ne\"}]},{\"@type\":\"WebSite\",\"@id\":\"https:\/\/bakertillysee.com\/#website\",\"url\":\"https:\/\/bakertillysee.com\/\",\"name\":\"Baker Tilly South East Europe\",\"description\":\"Assurance | Tax | Advisory\",\"publisher\":{\"@id\":\"https:\/\/bakertillysee.com\/#organization\"},\"potentialAction\":[{\"@type\":\"SearchAction\",\"target\":{\"@type\":\"EntryPoint\",\"urlTemplate\":\"https:\/\/bakertillysee.com\/?s={search_term_string}\"},\"query-input\":{\"@type\":\"PropertyValueSpecification\",\"valueRequired\":true,\"valueName\":\"search_term_string\"}}],\"inLanguage\":\"md\"},{\"@type\":\"Organization\",\"@id\":\"https:\/\/bakertillysee.com\/#organization\",\"name\":\"Baker Tilly South East Europe\",\"url\":\"https:\/\/bakertillysee.com\/\",\"logo\":{\"@type\":\"ImageObject\",\"inLanguage\":\"md\",\"@id\":\"https:\/\/bakertillysee.com\/#\/schema\/logo\/image\/\",\"url\":\"https:\/\/bakertillysee.com\/wp-content\/uploads\/2025\/04\/Baker-Tilly_Charcoal_png-4.png\",\"contentUrl\":\"https:\/\/bakertillysee.com\/wp-content\/uploads\/2025\/04\/Baker-Tilly_Charcoal_png-4.png\",\"width\":449,\"height\":119,\"caption\":\"Baker Tilly South East Europe\"},\"image\":{\"@id\":\"https:\/\/bakertillysee.com\/#\/schema\/logo\/image\/\"}}]}<\/script>\n<!-- \/ Yoast SEO Premium plugin. -->","yoast_head_json":{"title":"Contacta\u0163i-ne - Baker Tilly South East Europe","robots":{"index":"index","follow":"follow","max-snippet":"max-snippet:-1","max-image-preview":"max-image-preview:large","max-video-preview":"max-video-preview:-1"},"canonical":"https:\/\/bakertillysee.com\/md\/pagina-de-pornire\/contactati-ne\/","og_locale":"en_US","og_type":"article","og_title":"Contacta\u0163i-ne","og_description":"[vc_row css=&#8221;.vc_custom_1507551414137{padding-top: 70px !important;padding-bottom: 70px !important;}&#8221;][vc_column][vc_empty_space height=&#8221;50px&#8221;][\/vc_column][vc_column width=&#8221;2\/3&#8243;][vc_column_text css=&#8221;&#8221;] Totul \u00eencepe cu o conversa\u021bie &nbsp; Despre obiectivele, \u00eentreb\u0103rile, provoc\u0103rile tale. \u0218i despre perspectiva, sfaturile \u0219i rela\u021bia pe care le vei c\u00e2\u0219tiga. Acum, pentru m\u00e2ine. [\/vc_column_text][\/vc_column][vc_column width=&#8221;1\/3&#8243;][vc_column_text css=&#8221;&#8221;] Re\u021belele de socializare Conecta\u021bi-v\u0103 \u0219i vede\u021bi cum este via\u021ba \u00een re\u021beaua noastr\u0103 global\u0103 pe re\u021belele sociale. [\/vc_column_text][vc_raw_html css=&#8221;&#8221;]JTNDYSUyMGhyZWYlM0QlMjJodHRwcyUzQSUyRiUyRnd3dy5saW5rZWRpbi5jb20lMkZjb21wYW55JTJGYmFrZXJ0aWxseXJvbWFuaWElMkYlMjIlM0UlM0NpJTIwY2xhc3MlM0QlMjJmYS1icmFuZHMlMjBmYS1saW5rZWRpbi1pbiUyMGZhLTJ4JTIyJTNFJTNDJTJGaSUzRSUzQyUyRmElM0UlMjAlMjZuYnNwJTNCJTI2bmJzcCUzQiUyMCUyMCUzQ2ElMjBocmVmJTNEJTIyaHR0cHMlM0ElMkYlMkZ3d3cuZmFjZWJvb2suY29tJTJGQmFrZXJ0aWxseU1EJTJGJTIyJTNFJTNDaSUyMGNsYXNzJTNEJTIyZmEtYnJhbmRzJTIwZmEtZmFjZWJvb2slMjBmYS0yeCUyMiUzRSUzQyUyRmklM0UlM0MlMkZhJTNFJTIwJTI2bmJzcCUzQiUyNm5ic3AlM0IlMjAlMjAlM0NhJTIwaHJlZiUzRCUyMmh0dHBzJTNBJTJGJTJGd3d3Lmluc3RhZ3JhbS5jb20lMkZiYWtlcnRpbGx5bWQlMkYlM0ZobCUzRGVuJTIyJTNFJTNDaSUyMGNsYXNzJTNEJTIyZmEtYnJhbmRzJTIwZmEtaW5zdGFncmFtJTIwZmEtMnglMjIlM0UlM0MlMkZpJTNFJTNDJTJGYSUzRSUyMCUyNm5ic3AlM0IlMjZuYnNwJTNCJTIwJTIwJTNDYSUyMGhyZWYlM0QlMjJodHRwcyUzQSUyRiUyRnguY29tJTJGaSUyRmZsb3clMkZsb2dpbiUzRnJlZGlyZWN0X2FmdGVyX2xvZ2luJTNEJTI1MkZCYWtlclRpbGx5cm8lMjIlM0UlM0NpJTIwY2xhc3MlM0QlMjJmYS1icmFuZHMlMjBmYS14LXR3aXR0ZXIlMjBmYS0yeCUyMiUzRSUzQyUyRmklM0UlM0MlMkZhJTNFJTIwJTI2bmJzcCUzQiUyNm5ic3AlM0IlMEE=[\/vc_raw_html][\/vc_column][\/vc_row][vc_row&hellip;","og_url":"https:\/\/bakertillysee.com\/md\/pagina-de-pornire\/contactati-ne\/","og_site_name":"Baker Tilly South East Europe","article_modified_time":"2025-01-22T09:21:07+00:00","twitter_card":"summary_large_image","twitter_misc":{"Est. reading time":"1 minute"},"schema":{"@context":"https:\/\/schema.org","@graph":[{"@type":"WebPage","@id":"https:\/\/bakertillysee.com\/md\/pagina-de-pornire\/contactati-ne\/","url":"https:\/\/bakertillysee.com\/md\/pagina-de-pornire\/contactati-ne\/","name":"Contacta\u0163i-ne - Baker Tilly South East Europe","isPartOf":{"@id":"https:\/\/bakertillysee.com\/#website"},"datePublished":"2014-04-07T13:12:56+00:00","dateModified":"2025-01-22T09:21:07+00:00","breadcrumb":{"@id":"https:\/\/bakertillysee.com\/md\/pagina-de-pornire\/contactati-ne\/#breadcrumb"},"inLanguage":"md","potentialAction":[{"@type":"ReadAction","target":["https:\/\/bakertillysee.com\/md\/pagina-de-pornire\/contactati-ne\/"]}]},{"@type":"BreadcrumbList","@id":"https:\/\/bakertillysee.com\/md\/pagina-de-pornire\/contactati-ne\/#breadcrumb","itemListElement":[{"@type":"ListItem","position":1,"name":"Home","item":"https:\/\/bakertillysee.com\/md\/"},{"@type":"ListItem","position":2,"name":"Pagina de pornire","item":"https:\/\/bakertillysee.com\/md\/"},{"@type":"ListItem","position":3,"name":"Contacta\u0163i-ne"}]},{"@type":"WebSite","@id":"https:\/\/bakertillysee.com\/#website","url":"https:\/\/bakertillysee.com\/","name":"Baker Tilly South East Europe","description":"Assurance | Tax | Advisory","publisher":{"@id":"https:\/\/bakertillysee.com\/#organization"},"potentialAction":[{"@type":"SearchAction","target":{"@type":"EntryPoint","urlTemplate":"https:\/\/bakertillysee.com\/?s={search_term_string}"},"query-input":{"@type":"PropertyValueSpecification","valueRequired":true,"valueName":"search_term_string"}}],"inLanguage":"md"},{"@type":"Organization","@id":"https:\/\/bakertillysee.com\/#organization","name":"Baker Tilly South East Europe","url":"https:\/\/bakertillysee.com\/","logo":{"@type":"ImageObject","inLanguage":"md","@id":"https:\/\/bakertillysee.com\/#\/schema\/logo\/image\/","url":"https:\/\/bakertillysee.com\/wp-content\/uploads\/2025\/04\/Baker-Tilly_Charcoal_png-4.png","contentUrl":"https:\/\/bakertillysee.com\/wp-content\/uploads\/2025\/04\/Baker-Tilly_Charcoal_png-4.png","width":449,"height":119,"caption":"Baker Tilly South East Europe"},"image":{"@id":"https:\/\/bakertillysee.com\/#\/schema\/logo\/image\/"}}]}},"_links":{"self":[{"href":"https:\/\/bakertillysee.com\/md\/wp-json\/wp\/v2\/pages\/61759","targetHints":{"allow":["GET"]}}],"collection":[{"href":"https:\/\/bakertillysee.com\/md\/wp-json\/wp\/v2\/pages"}],"about":[{"href":"https:\/\/bakertillysee.com\/md\/wp-json\/wp\/v2\/types\/page"}],"author":[{"embeddable":true,"href":"https:\/\/bakertillysee.com\/md\/wp-json\/wp\/v2\/users\/1"}],"replies":[{"embeddable":true,"href":"https:\/\/bakertillysee.com\/md\/wp-json\/wp\/v2\/comments?post=61759"}],"version-history":[{"count":2,"href":"https:\/\/bakertillysee.com\/md\/wp-json\/wp\/v2\/pages\/61759\/revisions"}],"predecessor-version":[{"id":62001,"href":"https:\/\/bakertillysee.com\/md\/wp-json\/wp\/v2\/pages\/61759\/revisions\/62001"}],"up":[{"embeddable":true,"href":"https:\/\/bakertillysee.com\/md\/wp-json\/wp\/v2\/pages\/61919"}],"wp:attachment":[{"href":"https:\/\/bakertillysee.com\/md\/wp-json\/wp\/v2\/media?parent=61759"}],"curies":[{"name":"wp","href":"https:\/\/api.w.org\/{rel}","templated":true}]}}