{"id":61150,"date":"2024-02-23T16:00:54","date_gmt":"2024-02-23T14:00:54","guid":{"rendered":"https:\/\/bakertillysee.com\/1-creative\/services\/"},"modified":"2025-01-10T14:39:02","modified_gmt":"2025-01-10T14:39:02","slug":"servicii","status":"publish","type":"page","link":"https:\/\/bakertillysee.com\/ro\/1-creative\/servicii\/","title":{"rendered":"Servicii"},"content":{"rendered":"<div class=\"wpb-content-wrapper\"><p>[vc_row type=&#8221;vc_default&#8221; full_width=&#8221;stretch_row&#8221; animation=&#8221;shake&#8221; css=&#8221;.vc_custom_1713188489082{background-color: #def5f2 !important;}&#8221;][vc_column][vc_custom_heading text=&#8221;O lume a experien\u021bei, deschis\u0103 pentru tine&#8221; font_container=&#8221;tag:h3|text_align:left&#8221; use_theme_fonts=&#8221;yes&#8221; css=&#8221;&#8221;][vc_column_text css=&#8221;&#8221;]\u00cen\u021belegere local\u0103 pentru cre\u0219tere interna\u021bional\u0103 &#8211; acesta este modul \u00een care Baker Tilly ajut\u0103 afacerile s\u0103 prospere.<br \/>\nFie c\u0103 sunte\u021bi \u00een c\u0103utarea de consultan\u021b\u0103 \u00een domeniul finan\u021belor corporative \u0219i al fuziunilor \u0219i achizi\u021biilor, fie c\u0103 afacerea dvs. are nevoie de sprijin \u00een domeniul fiscal, juridic, al auditului \u0219i asigur\u0103rii sau al ESG, parteneriatul cu Baker Tilly \u00eenseamn\u0103 conectarea la o re\u021bea unit\u0103 la nivel global de consilieri \u0219i speciali\u0219ti.<br \/>\nNe construim expertiza pe rela\u021bii excelente: cu clien\u021bii \u0219i colegii no\u0219tri. Facem ca oamenii inteligen\u021bi s\u0103 vorbeasc\u0103 \u00eentre ei &#8211; \u00een sectoare, regiuni \u0219i discipline. \u0218i ne implic\u0103m total pentru a crea diferen\u021ba de care ave\u021bi nevoie.<br \/>\nAceasta este ceea ce vrem s\u0103 spunem c\u00e2nd vorbim despre a conduce cu ambi\u021bie. Noi v\u0103 oferim perspectiva de care ave\u021bi nevoie pentru a lua decizii bune acum, pentru m\u00e2ine.[\/vc_column_text][\/vc_column][\/vc_row]<\/p>\n<\/div>","protected":false},"excerpt":{"rendered":"<p>[vc_row type=&#8221;vc_default&#8221; full_width=&#8221;stretch_row&#8221; animation=&#8221;shake&#8221; css=&#8221;.vc_custom_1713188489082{background-color: #def5f2 !important;}&#8221;][vc_column][vc_custom_heading text=&#8221;O lume a experien\u021bei, deschis\u0103 pentru tine&#8221; font_container=&#8221;tag:h3|text_align:left&#8221; use_theme_fonts=&#8221;yes&#8221; css=&#8221;&#8221;][vc_column_text css=&#8221;&#8221;]\u00cen\u021belegere local\u0103 pentru cre\u0219tere interna\u021bional\u0103 &#8211; acesta este modul \u00een care Baker Tilly ajut\u0103 afacerile s\u0103 prospere. Fie c\u0103 sunte\u021bi \u00een c\u0103utarea de consultan\u021b\u0103 \u00een domeniul finan\u021belor corporative \u0219i al fuziunilor \u0219i achizi\u021biilor, fie c\u0103 afacerea dvs. are&hellip;<\/p>\n","protected":false},"author":1,"featured_media":0,"parent":61060,"menu_order":0,"comment_status":"closed","ping_status":"closed","template":"","meta":{"episode_type":"","audio_file":"","cover_image":"","cover_image_id":"","duration":"","filesize":"","date_recorded":"","explicit":"","block":"","filesize_raw":"","footnotes":""},"class_list":["post-61150","page","type-page","status-publish","hentry","description-off"],"yoast_head":"<!-- This site is optimized with the Yoast SEO Premium plugin v25.0 (Yoast SEO v25.0) - https:\/\/yoast.com\/wordpress\/plugins\/seo\/ -->\n<title>Servicii - Baker Tilly South East Europe<\/title>\n<meta name=\"robots\" content=\"index, follow, max-snippet:-1, max-image-preview:large, max-video-preview:-1\" \/>\n<link rel=\"canonical\" href=\"https:\/\/bakertillysee.com\/ro\/1-creative\/servicii\/\" \/>\n<meta property=\"og:locale\" content=\"ro_RO\" \/>\n<meta property=\"og:type\" content=\"article\" \/>\n<meta property=\"og:title\" content=\"Servicii\" \/>\n<meta property=\"og:description\" content=\"[vc_row type=&#8221;vc_default&#8221; full_width=&#8221;stretch_row&#8221; animation=&#8221;shake&#8221; css=&#8221;.vc_custom_1713188489082{background-color: #def5f2 !important;}&#8221;][vc_column][vc_custom_heading text=&#8221;O lume a experien\u021bei, deschis\u0103 pentru tine&#8221; font_container=&#8221;tag:h3|text_align:left&#8221; use_theme_fonts=&#8221;yes&#8221; css=&#8221;&#8221;][vc_column_text css=&#8221;&#8221;]\u00cen\u021belegere local\u0103 pentru cre\u0219tere interna\u021bional\u0103 &#8211; acesta este modul \u00een care Baker Tilly ajut\u0103 afacerile s\u0103 prospere. Fie c\u0103 sunte\u021bi \u00een c\u0103utarea de consultan\u021b\u0103 \u00een domeniul finan\u021belor corporative \u0219i al fuziunilor \u0219i achizi\u021biilor, fie c\u0103 afacerea dvs. are&hellip;\" \/>\n<meta property=\"og:url\" content=\"https:\/\/bakertillysee.com\/ro\/1-creative\/servicii\/\" \/>\n<meta property=\"og:site_name\" content=\"Baker Tilly South East Europe\" \/>\n<meta property=\"article:modified_time\" content=\"2025-01-10T14:39:02+00:00\" \/>\n<meta name=\"twitter:card\" content=\"summary_large_image\" \/>\n<meta name=\"twitter:label1\" content=\"Timp estimat pentru citire\" \/>\n\t<meta name=\"twitter:data1\" content=\"1 minut\" \/>\n<script type=\"application\/ld+json\" class=\"yoast-schema-graph\">{\"@context\":\"https:\/\/schema.org\",\"@graph\":[{\"@type\":\"WebPage\",\"@id\":\"https:\/\/bakertillysee.com\/ro\/1-creative\/servicii\/\",\"url\":\"https:\/\/bakertillysee.com\/ro\/1-creative\/servicii\/\",\"name\":\"Servicii - Baker Tilly South East Europe\",\"isPartOf\":{\"@id\":\"https:\/\/bakertillysee.com\/#website\"},\"datePublished\":\"2024-02-23T14:00:54+00:00\",\"dateModified\":\"2025-01-10T14:39:02+00:00\",\"breadcrumb\":{\"@id\":\"https:\/\/bakertillysee.com\/ro\/1-creative\/servicii\/#breadcrumb\"},\"inLanguage\":\"ro-RO\",\"potentialAction\":[{\"@type\":\"ReadAction\",\"target\":[\"https:\/\/bakertillysee.com\/ro\/1-creative\/servicii\/\"]}]},{\"@type\":\"BreadcrumbList\",\"@id\":\"https:\/\/bakertillysee.com\/ro\/1-creative\/servicii\/#breadcrumb\",\"itemListElement\":[{\"@type\":\"ListItem\",\"position\":1,\"name\":\"Home\",\"item\":\"https:\/\/bakertillysee.com\/ro\/\"},{\"@type\":\"ListItem\",\"position\":2,\"name\":\"Pagina de pornire\",\"item\":\"https:\/\/bakertillysee.com\/ro\/\"},{\"@type\":\"ListItem\",\"position\":3,\"name\":\"Servicii\"}]},{\"@type\":\"WebSite\",\"@id\":\"https:\/\/bakertillysee.com\/#website\",\"url\":\"https:\/\/bakertillysee.com\/\",\"name\":\"Baker Tilly South East Europe\",\"description\":\"Assurance | Tax | Advisory\",\"publisher\":{\"@id\":\"https:\/\/bakertillysee.com\/#organization\"},\"potentialAction\":[{\"@type\":\"SearchAction\",\"target\":{\"@type\":\"EntryPoint\",\"urlTemplate\":\"https:\/\/bakertillysee.com\/?s={search_term_string}\"},\"query-input\":{\"@type\":\"PropertyValueSpecification\",\"valueRequired\":true,\"valueName\":\"search_term_string\"}}],\"inLanguage\":\"ro-RO\"},{\"@type\":\"Organization\",\"@id\":\"https:\/\/bakertillysee.com\/#organization\",\"name\":\"Baker Tilly South East Europe\",\"url\":\"https:\/\/bakertillysee.com\/\",\"logo\":{\"@type\":\"ImageObject\",\"inLanguage\":\"ro-RO\",\"@id\":\"https:\/\/bakertillysee.com\/#\/schema\/logo\/image\/\",\"url\":\"https:\/\/bakertillysee.com\/wp-content\/uploads\/2025\/04\/Baker-Tilly_Charcoal_png-4.png\",\"contentUrl\":\"https:\/\/bakertillysee.com\/wp-content\/uploads\/2025\/04\/Baker-Tilly_Charcoal_png-4.png\",\"width\":449,\"height\":119,\"caption\":\"Baker Tilly South East Europe\"},\"image\":{\"@id\":\"https:\/\/bakertillysee.com\/#\/schema\/logo\/image\/\"}}]}<\/script>\n<!-- \/ Yoast SEO Premium plugin. -->","yoast_head_json":{"title":"Servicii - Baker Tilly South East Europe","robots":{"index":"index","follow":"follow","max-snippet":"max-snippet:-1","max-image-preview":"max-image-preview:large","max-video-preview":"max-video-preview:-1"},"canonical":"https:\/\/bakertillysee.com\/ro\/1-creative\/servicii\/","og_locale":"ro_RO","og_type":"article","og_title":"Servicii","og_description":"[vc_row type=&#8221;vc_default&#8221; full_width=&#8221;stretch_row&#8221; animation=&#8221;shake&#8221; css=&#8221;.vc_custom_1713188489082{background-color: #def5f2 !important;}&#8221;][vc_column][vc_custom_heading text=&#8221;O lume a experien\u021bei, deschis\u0103 pentru tine&#8221; font_container=&#8221;tag:h3|text_align:left&#8221; use_theme_fonts=&#8221;yes&#8221; css=&#8221;&#8221;][vc_column_text css=&#8221;&#8221;]\u00cen\u021belegere local\u0103 pentru cre\u0219tere interna\u021bional\u0103 &#8211; acesta este modul \u00een care Baker Tilly ajut\u0103 afacerile s\u0103 prospere. Fie c\u0103 sunte\u021bi \u00een c\u0103utarea de consultan\u021b\u0103 \u00een domeniul finan\u021belor corporative \u0219i al fuziunilor \u0219i achizi\u021biilor, fie c\u0103 afacerea dvs. are&hellip;","og_url":"https:\/\/bakertillysee.com\/ro\/1-creative\/servicii\/","og_site_name":"Baker Tilly South East Europe","article_modified_time":"2025-01-10T14:39:02+00:00","twitter_card":"summary_large_image","twitter_misc":{"Timp estimat pentru citire":"1 minut"},"schema":{"@context":"https:\/\/schema.org","@graph":[{"@type":"WebPage","@id":"https:\/\/bakertillysee.com\/ro\/1-creative\/servicii\/","url":"https:\/\/bakertillysee.com\/ro\/1-creative\/servicii\/","name":"Servicii - Baker Tilly South East Europe","isPartOf":{"@id":"https:\/\/bakertillysee.com\/#website"},"datePublished":"2024-02-23T14:00:54+00:00","dateModified":"2025-01-10T14:39:02+00:00","breadcrumb":{"@id":"https:\/\/bakertillysee.com\/ro\/1-creative\/servicii\/#breadcrumb"},"inLanguage":"ro-RO","potentialAction":[{"@type":"ReadAction","target":["https:\/\/bakertillysee.com\/ro\/1-creative\/servicii\/"]}]},{"@type":"BreadcrumbList","@id":"https:\/\/bakertillysee.com\/ro\/1-creative\/servicii\/#breadcrumb","itemListElement":[{"@type":"ListItem","position":1,"name":"Home","item":"https:\/\/bakertillysee.com\/ro\/"},{"@type":"ListItem","position":2,"name":"Pagina de pornire","item":"https:\/\/bakertillysee.com\/ro\/"},{"@type":"ListItem","position":3,"name":"Servicii"}]},{"@type":"WebSite","@id":"https:\/\/bakertillysee.com\/#website","url":"https:\/\/bakertillysee.com\/","name":"Baker Tilly South East Europe","description":"Assurance | Tax | Advisory","publisher":{"@id":"https:\/\/bakertillysee.com\/#organization"},"potentialAction":[{"@type":"SearchAction","target":{"@type":"EntryPoint","urlTemplate":"https:\/\/bakertillysee.com\/?s={search_term_string}"},"query-input":{"@type":"PropertyValueSpecification","valueRequired":true,"valueName":"search_term_string"}}],"inLanguage":"ro-RO"},{"@type":"Organization","@id":"https:\/\/bakertillysee.com\/#organization","name":"Baker Tilly South East Europe","url":"https:\/\/bakertillysee.com\/","logo":{"@type":"ImageObject","inLanguage":"ro-RO","@id":"https:\/\/bakertillysee.com\/#\/schema\/logo\/image\/","url":"https:\/\/bakertillysee.com\/wp-content\/uploads\/2025\/04\/Baker-Tilly_Charcoal_png-4.png","contentUrl":"https:\/\/bakertillysee.com\/wp-content\/uploads\/2025\/04\/Baker-Tilly_Charcoal_png-4.png","width":449,"height":119,"caption":"Baker Tilly South East Europe"},"image":{"@id":"https:\/\/bakertillysee.com\/#\/schema\/logo\/image\/"}}]}},"_links":{"self":[{"href":"https:\/\/bakertillysee.com\/ro\/wp-json\/wp\/v2\/pages\/61150","targetHints":{"allow":["GET"]}}],"collection":[{"href":"https:\/\/bakertillysee.com\/ro\/wp-json\/wp\/v2\/pages"}],"about":[{"href":"https:\/\/bakertillysee.com\/ro\/wp-json\/wp\/v2\/types\/page"}],"author":[{"embeddable":true,"href":"https:\/\/bakertillysee.com\/ro\/wp-json\/wp\/v2\/users\/1"}],"replies":[{"embeddable":true,"href":"https:\/\/bakertillysee.com\/ro\/wp-json\/wp\/v2\/comments?post=61150"}],"version-history":[{"count":3,"href":"https:\/\/bakertillysee.com\/ro\/wp-json\/wp\/v2\/pages\/61150\/revisions"}],"predecessor-version":[{"id":61154,"href":"https:\/\/bakertillysee.com\/ro\/wp-json\/wp\/v2\/pages\/61150\/revisions\/61154"}],"up":[{"embeddable":true,"href":"https:\/\/bakertillysee.com\/ro\/wp-json\/wp\/v2\/pages\/61060"}],"wp:attachment":[{"href":"https:\/\/bakertillysee.com\/ro\/wp-json\/wp\/v2\/media?parent=61150"}],"curies":[{"name":"wp","href":"https:\/\/api.w.org\/{rel}","templated":true}]}}