{"id":61493,"date":"2024-02-28T15:02:08","date_gmt":"2024-02-28T13:02:08","guid":{"rendered":"https:\/\/bakertillysee.com\/1-creative\/servicii\/audit-assurance\/financial-statements-audit\/"},"modified":"2025-01-10T14:40:41","modified_gmt":"2025-01-10T14:40:41","slug":"financial-statements-audit","status":"publish","type":"page","link":"https:\/\/bakertillysee.com\/ro\/1-creative\/servicii\/audit-assurance\/financial-statements-audit\/","title":{"rendered":"Auditul situa\u021biilor financiare"},"content":{"rendered":"<p>Cuno\u0219tin\u021bele noastre vaste din industrii variate, combinate cu o expertiz\u0103 extins\u0103 \u00een audit, ne echipeaz\u0103 s\u0103 oferim perspective relevante pe parcursul procesului de auditare a situa\u021biilor financiare<br \/>\n\u00cencepem prin a \u00een\u021belege \u0219i a defini \u00een profunzime obiectivele fiec\u0103rui angajament, ceece ne permite s\u0103 apreciem structura unic\u0103 a afacerii dumneavoastr\u0103.<br \/>\nAceast\u0103 \u00een\u021belegere este esen\u021bial\u0103 pentru dezvoltarea unui plan de audit care nu doar s\u0103 fie adaptat nevoilor dumneavoastr\u0103 specifice, ci \u0219i capabil s\u0103 abordeze probleme complexe.<br \/>\nFolosind metodologia noastr\u0103 de audit aplicat\u0103 global la nivelul retelei Baker Tilly \u0219i instrumente de ultim\u0103 genera\u021bie, putem identifica elementele ce reprezinta excep\u021biile \u0219i realiza analize de nivel avansat, ce incorporeaza modelare predictiva sau IA.<br \/>\nAceast\u0103 abordare asigur\u0103 un audit cuprinz\u0103tor \u0219i precis, esen\u021bial pentru integritatea \u0219i fiabilitatea raport\u0103rii financiare.<br \/>\nAngajamentul nostru fa\u021b\u0103 de excelen\u021b\u0103 \u00een acest proces este strict, deoarece ne str\u0103duim s\u0103 oferim perspective care s\u0103 fie at\u00e2t semnificative, c\u00e2t \u0219i aplicabile organiza\u021biei dumneavoastr\u0103.<\/p>\n","protected":false},"excerpt":{"rendered":"<p>Cuno\u0219tin\u021bele noastre vaste din industrii variate, combinate cu o expertiz\u0103 extins\u0103 \u00een audit, ne echipeaz\u0103 s\u0103 oferim perspective relevante pe parcursul procesului de auditare a situa\u021biilor financiare \u00cencepem prin a \u00een\u021belege \u0219i a defini \u00een profunzime obiectivele fiec\u0103rui angajament, ceece ne permite s\u0103 apreciem structura unic\u0103 a afacerii dumneavoastr\u0103. Aceast\u0103 \u00een\u021belegere este esen\u021bial\u0103 pentru dezvoltarea&hellip;<\/p>\n","protected":false},"author":1,"featured_media":0,"parent":61488,"menu_order":0,"comment_status":"closed","ping_status":"closed","template":"","meta":{"episode_type":"","audio_file":"","cover_image":"","cover_image_id":"","duration":"","filesize":"","date_recorded":"","explicit":"","block":"","filesize_raw":"","footnotes":""},"class_list":["post-61493","page","type-page","status-publish","hentry","description-off"],"yoast_head":"<!-- This site is optimized with the Yoast SEO Premium plugin v25.0 (Yoast SEO v25.0) - https:\/\/yoast.com\/wordpress\/plugins\/seo\/ -->\n<title>Auditul situa\u021biilor financiare - Baker Tilly South East Europe<\/title>\n<meta name=\"robots\" content=\"index, follow, max-snippet:-1, max-image-preview:large, max-video-preview:-1\" \/>\n<link rel=\"canonical\" href=\"https:\/\/bakertillysee.com\/ro\/1-creative\/servicii\/audit-assurance\/financial-statements-audit\/\" \/>\n<meta property=\"og:locale\" content=\"ro_RO\" \/>\n<meta property=\"og:type\" content=\"article\" \/>\n<meta property=\"og:title\" content=\"Auditul situa\u021biilor financiare\" \/>\n<meta property=\"og:description\" content=\"Cuno\u0219tin\u021bele noastre vaste din industrii variate, combinate cu o expertiz\u0103 extins\u0103 \u00een audit, ne echipeaz\u0103 s\u0103 oferim perspective relevante pe parcursul procesului de auditare a situa\u021biilor financiare \u00cencepem prin a \u00een\u021belege \u0219i a defini \u00een profunzime obiectivele fiec\u0103rui angajament, ceece ne permite s\u0103 apreciem structura unic\u0103 a afacerii dumneavoastr\u0103. Aceast\u0103 \u00een\u021belegere este esen\u021bial\u0103 pentru dezvoltarea&hellip;\" \/>\n<meta property=\"og:url\" content=\"https:\/\/bakertillysee.com\/ro\/1-creative\/servicii\/audit-assurance\/financial-statements-audit\/\" \/>\n<meta property=\"og:site_name\" content=\"Baker Tilly South East Europe\" \/>\n<meta property=\"article:modified_time\" content=\"2025-01-10T14:40:41+00:00\" \/>\n<meta name=\"twitter:card\" content=\"summary_large_image\" \/>\n<meta name=\"twitter:label1\" content=\"Timp estimat pentru citire\" \/>\n\t<meta name=\"twitter:data1\" content=\"1 minut\" \/>\n<script type=\"application\/ld+json\" class=\"yoast-schema-graph\">{\"@context\":\"https:\/\/schema.org\",\"@graph\":[{\"@type\":\"WebPage\",\"@id\":\"https:\/\/bakertillysee.com\/ro\/1-creative\/servicii\/audit-assurance\/financial-statements-audit\/\",\"url\":\"https:\/\/bakertillysee.com\/ro\/1-creative\/servicii\/audit-assurance\/financial-statements-audit\/\",\"name\":\"Auditul situa\u021biilor financiare - Baker Tilly South East Europe\",\"isPartOf\":{\"@id\":\"https:\/\/bakertillysee.com\/#website\"},\"datePublished\":\"2024-02-28T13:02:08+00:00\",\"dateModified\":\"2025-01-10T14:40:41+00:00\",\"breadcrumb\":{\"@id\":\"https:\/\/bakertillysee.com\/ro\/1-creative\/servicii\/audit-assurance\/financial-statements-audit\/#breadcrumb\"},\"inLanguage\":\"ro-RO\",\"potentialAction\":[{\"@type\":\"ReadAction\",\"target\":[\"https:\/\/bakertillysee.com\/ro\/1-creative\/servicii\/audit-assurance\/financial-statements-audit\/\"]}]},{\"@type\":\"BreadcrumbList\",\"@id\":\"https:\/\/bakertillysee.com\/ro\/1-creative\/servicii\/audit-assurance\/financial-statements-audit\/#breadcrumb\",\"itemListElement\":[{\"@type\":\"ListItem\",\"position\":1,\"name\":\"Home\",\"item\":\"https:\/\/bakertillysee.com\/ro\/\"},{\"@type\":\"ListItem\",\"position\":2,\"name\":\"Pagina de pornire\",\"item\":\"https:\/\/bakertillysee.com\/ro\/\"},{\"@type\":\"ListItem\",\"position\":3,\"name\":\"Servicii\",\"item\":\"https:\/\/bakertillysee.com\/ro\/1-creative\/servicii\/\"},{\"@type\":\"ListItem\",\"position\":4,\"name\":\"Servicii de Audit\",\"item\":\"https:\/\/bakertillysee.com\/ro\/1-creative\/servicii\/audit-assurance\/\"},{\"@type\":\"ListItem\",\"position\":5,\"name\":\"Auditul situa\u021biilor financiare\"}]},{\"@type\":\"WebSite\",\"@id\":\"https:\/\/bakertillysee.com\/#website\",\"url\":\"https:\/\/bakertillysee.com\/\",\"name\":\"Baker Tilly South East Europe\",\"description\":\"Assurance | Tax | Advisory\",\"publisher\":{\"@id\":\"https:\/\/bakertillysee.com\/#organization\"},\"potentialAction\":[{\"@type\":\"SearchAction\",\"target\":{\"@type\":\"EntryPoint\",\"urlTemplate\":\"https:\/\/bakertillysee.com\/?s={search_term_string}\"},\"query-input\":{\"@type\":\"PropertyValueSpecification\",\"valueRequired\":true,\"valueName\":\"search_term_string\"}}],\"inLanguage\":\"ro-RO\"},{\"@type\":\"Organization\",\"@id\":\"https:\/\/bakertillysee.com\/#organization\",\"name\":\"Baker Tilly South East Europe\",\"url\":\"https:\/\/bakertillysee.com\/\",\"logo\":{\"@type\":\"ImageObject\",\"inLanguage\":\"ro-RO\",\"@id\":\"https:\/\/bakertillysee.com\/#\/schema\/logo\/image\/\",\"url\":\"https:\/\/bakertillysee.com\/wp-content\/uploads\/2025\/04\/Baker-Tilly_Charcoal_png-4.png\",\"contentUrl\":\"https:\/\/bakertillysee.com\/wp-content\/uploads\/2025\/04\/Baker-Tilly_Charcoal_png-4.png\",\"width\":449,\"height\":119,\"caption\":\"Baker Tilly South East Europe\"},\"image\":{\"@id\":\"https:\/\/bakertillysee.com\/#\/schema\/logo\/image\/\"}}]}<\/script>\n<!-- \/ Yoast SEO Premium plugin. -->","yoast_head_json":{"title":"Auditul situa\u021biilor financiare - Baker Tilly South East Europe","robots":{"index":"index","follow":"follow","max-snippet":"max-snippet:-1","max-image-preview":"max-image-preview:large","max-video-preview":"max-video-preview:-1"},"canonical":"https:\/\/bakertillysee.com\/ro\/1-creative\/servicii\/audit-assurance\/financial-statements-audit\/","og_locale":"ro_RO","og_type":"article","og_title":"Auditul situa\u021biilor financiare","og_description":"Cuno\u0219tin\u021bele noastre vaste din industrii variate, combinate cu o expertiz\u0103 extins\u0103 \u00een audit, ne echipeaz\u0103 s\u0103 oferim perspective relevante pe parcursul procesului de auditare a situa\u021biilor financiare \u00cencepem prin a \u00een\u021belege \u0219i a defini \u00een profunzime obiectivele fiec\u0103rui angajament, ceece ne permite s\u0103 apreciem structura unic\u0103 a afacerii dumneavoastr\u0103. Aceast\u0103 \u00een\u021belegere este esen\u021bial\u0103 pentru dezvoltarea&hellip;","og_url":"https:\/\/bakertillysee.com\/ro\/1-creative\/servicii\/audit-assurance\/financial-statements-audit\/","og_site_name":"Baker Tilly South East Europe","article_modified_time":"2025-01-10T14:40:41+00:00","twitter_card":"summary_large_image","twitter_misc":{"Timp estimat pentru citire":"1 minut"},"schema":{"@context":"https:\/\/schema.org","@graph":[{"@type":"WebPage","@id":"https:\/\/bakertillysee.com\/ro\/1-creative\/servicii\/audit-assurance\/financial-statements-audit\/","url":"https:\/\/bakertillysee.com\/ro\/1-creative\/servicii\/audit-assurance\/financial-statements-audit\/","name":"Auditul situa\u021biilor financiare - Baker Tilly South East Europe","isPartOf":{"@id":"https:\/\/bakertillysee.com\/#website"},"datePublished":"2024-02-28T13:02:08+00:00","dateModified":"2025-01-10T14:40:41+00:00","breadcrumb":{"@id":"https:\/\/bakertillysee.com\/ro\/1-creative\/servicii\/audit-assurance\/financial-statements-audit\/#breadcrumb"},"inLanguage":"ro-RO","potentialAction":[{"@type":"ReadAction","target":["https:\/\/bakertillysee.com\/ro\/1-creative\/servicii\/audit-assurance\/financial-statements-audit\/"]}]},{"@type":"BreadcrumbList","@id":"https:\/\/bakertillysee.com\/ro\/1-creative\/servicii\/audit-assurance\/financial-statements-audit\/#breadcrumb","itemListElement":[{"@type":"ListItem","position":1,"name":"Home","item":"https:\/\/bakertillysee.com\/ro\/"},{"@type":"ListItem","position":2,"name":"Pagina de pornire","item":"https:\/\/bakertillysee.com\/ro\/"},{"@type":"ListItem","position":3,"name":"Servicii","item":"https:\/\/bakertillysee.com\/ro\/1-creative\/servicii\/"},{"@type":"ListItem","position":4,"name":"Servicii de Audit","item":"https:\/\/bakertillysee.com\/ro\/1-creative\/servicii\/audit-assurance\/"},{"@type":"ListItem","position":5,"name":"Auditul situa\u021biilor financiare"}]},{"@type":"WebSite","@id":"https:\/\/bakertillysee.com\/#website","url":"https:\/\/bakertillysee.com\/","name":"Baker Tilly South East Europe","description":"Assurance | Tax | Advisory","publisher":{"@id":"https:\/\/bakertillysee.com\/#organization"},"potentialAction":[{"@type":"SearchAction","target":{"@type":"EntryPoint","urlTemplate":"https:\/\/bakertillysee.com\/?s={search_term_string}"},"query-input":{"@type":"PropertyValueSpecification","valueRequired":true,"valueName":"search_term_string"}}],"inLanguage":"ro-RO"},{"@type":"Organization","@id":"https:\/\/bakertillysee.com\/#organization","name":"Baker Tilly South East Europe","url":"https:\/\/bakertillysee.com\/","logo":{"@type":"ImageObject","inLanguage":"ro-RO","@id":"https:\/\/bakertillysee.com\/#\/schema\/logo\/image\/","url":"https:\/\/bakertillysee.com\/wp-content\/uploads\/2025\/04\/Baker-Tilly_Charcoal_png-4.png","contentUrl":"https:\/\/bakertillysee.com\/wp-content\/uploads\/2025\/04\/Baker-Tilly_Charcoal_png-4.png","width":449,"height":119,"caption":"Baker Tilly South East Europe"},"image":{"@id":"https:\/\/bakertillysee.com\/#\/schema\/logo\/image\/"}}]}},"_links":{"self":[{"href":"https:\/\/bakertillysee.com\/ro\/wp-json\/wp\/v2\/pages\/61493","targetHints":{"allow":["GET"]}}],"collection":[{"href":"https:\/\/bakertillysee.com\/ro\/wp-json\/wp\/v2\/pages"}],"about":[{"href":"https:\/\/bakertillysee.com\/ro\/wp-json\/wp\/v2\/types\/page"}],"author":[{"embeddable":true,"href":"https:\/\/bakertillysee.com\/ro\/wp-json\/wp\/v2\/users\/1"}],"replies":[{"embeddable":true,"href":"https:\/\/bakertillysee.com\/ro\/wp-json\/wp\/v2\/comments?post=61493"}],"version-history":[{"count":1,"href":"https:\/\/bakertillysee.com\/ro\/wp-json\/wp\/v2\/pages\/61493\/revisions"}],"predecessor-version":[{"id":61639,"href":"https:\/\/bakertillysee.com\/ro\/wp-json\/wp\/v2\/pages\/61493\/revisions\/61639"}],"up":[{"embeddable":true,"href":"https:\/\/bakertillysee.com\/ro\/wp-json\/wp\/v2\/pages\/61488"}],"wp:attachment":[{"href":"https:\/\/bakertillysee.com\/ro\/wp-json\/wp\/v2\/media?parent=61493"}],"curies":[{"name":"wp","href":"https:\/\/api.w.org\/{rel}","templated":true}]}}