{"id":61504,"date":"2024-02-29T15:59:59","date_gmt":"2024-02-29T15:59:59","guid":{"rendered":"https:\/\/bakertillysee.com\/1-creative\/servicii\/strategy-management-consulting\/"},"modified":"2025-01-10T15:17:51","modified_gmt":"2025-01-10T15:17:51","slug":"strategy-management-consulting","status":"publish","type":"page","link":"https:\/\/bakertillysee.com\/ro\/1-creative\/servicii\/strategy-management-consulting\/","title":{"rendered":"Consultanta in Strategie si Management"},"content":{"rendered":"<p>\u00cen peisajul de afaceri dinamic \u0219i \u00een continu\u0103 evolu\u021bie, existen\u021ba unui plan strategic pentru cre\u0219tere \u0219i \u00eembun\u0103t\u0103\u021bire opera\u021bional\u0103 este esen\u021bial\u0103.<\/p>\n<p>Echipa de consultan\u021b\u0103 \u00een strategie \u0219i management a Baker Tilly ofer\u0103 servicii specializate at\u00e2t entit\u0103\u021bilor publice, c\u00e2t \u0219i celor private, concentr\u00e2ndu-se pe \u00eencurajarea succesului \u0219i cre\u0219terii continue. Consultan\u021bii no\u0219tri, dota\u021bi cu o experien\u021b\u0103 divers\u0103 \u00een lumea real\u0103, adopt\u0103 o abordare \u0219tiin\u021bific\u0103 pentru a efectua analize aprofundate ale pie\u021bei, peisajului concuren\u021bial, strategiilor de lansare pe pia\u021b\u0103 \u0219i opera\u021biunilor dumneavoastr\u0103.<br \/>\n\u00centr-o lume complex\u0103 \u0219i \u00een continu\u0103 evolu\u021bie, este mai dificil ca oric\u00e2nd s\u0103 po\u021bi concepe \u0219i executa o strategie de maximizare a valorii. Echipele de conducere au sarcina de a g\u00e2ndi \u00een moduri transforma\u021bionale, cum ar fi revizuirea scopului firmei lor, insuflarea de noi direc\u021bii strategice \u00een organiza\u021bii care se confrunt\u0103 cu o dinamic\u0103 radical modificat\u0103 a clien\u021bilor \u0219i a pie\u021bei, trec\u00e2nd prin transform\u0103ri digitale de la un cap\u0103t la altul \u0219i, \u00een acela\u0219i timp, \u00eencorpor\u00e2nd durabilitatea \u00een modelul lor de afaceri.<br \/>\nObiectivul nostru este de a oferi cadre bine structurate care s\u0103 faciliteze luarea deciziilor \u00een cuno\u0219tin\u021b\u0103 de cauz\u0103, stimul\u00e2nd at\u00e2t cre\u0219terea veniturilor, c\u00e2t \u0219i \u00eembun\u0103t\u0103\u021birea opera\u021biunilor. Consultan\u021bii no\u0219tri r\u0103spund \u00een permanen\u021b\u0103 la \u00eentreb\u0103rile \u201eCe?\u201d \u0219i \u201eCum?\u201d de pe agenda de management pentru a contribui la crearea de valoare pe termen lung \u00een cadrul companiilor clien\u021bilor no\u0219tri. Angajamentul nostru este de a dota organiza\u021bia dumneavoastr\u0103 cu instrumentele \u0219i strategiile necesare pentru a face fa\u021b\u0103 provoc\u0103rilor de afaceri de ast\u0103zi \u0219i a profita de oportunit\u0103\u021bile de m\u00e2ine.<\/p>\n","protected":false},"excerpt":{"rendered":"<p>\u00cen peisajul de afaceri dinamic \u0219i \u00een continu\u0103 evolu\u021bie, existen\u021ba unui plan strategic pentru cre\u0219tere \u0219i \u00eembun\u0103t\u0103\u021bire opera\u021bional\u0103 este esen\u021bial\u0103. Echipa de consultan\u021b\u0103 \u00een strategie \u0219i management a Baker Tilly ofer\u0103 servicii specializate at\u00e2t entit\u0103\u021bilor publice, c\u00e2t \u0219i celor private, concentr\u00e2ndu-se pe \u00eencurajarea succesului \u0219i cre\u0219terii continue. Consultan\u021bii no\u0219tri, dota\u021bi cu o experien\u021b\u0103 divers\u0103 \u00een&hellip;<\/p>\n","protected":false},"author":1,"featured_media":0,"parent":61150,"menu_order":0,"comment_status":"closed","ping_status":"closed","template":"","meta":{"episode_type":"","audio_file":"","cover_image":"","cover_image_id":"","duration":"","filesize":"","date_recorded":"","explicit":"","block":"","filesize_raw":"","footnotes":""},"class_list":["post-61504","page","type-page","status-publish","hentry","description-off"],"yoast_head":"<!-- This site is optimized with the Yoast SEO Premium plugin v25.0 (Yoast SEO v25.0) - https:\/\/yoast.com\/wordpress\/plugins\/seo\/ -->\n<title>Consultanta in Strategie si Management - Baker Tilly South East Europe<\/title>\n<meta name=\"robots\" content=\"index, follow, max-snippet:-1, max-image-preview:large, max-video-preview:-1\" \/>\n<link rel=\"canonical\" href=\"https:\/\/bakertillysee.com\/ro\/1-creative\/servicii\/strategy-management-consulting\/\" \/>\n<meta property=\"og:locale\" content=\"ro_RO\" \/>\n<meta property=\"og:type\" content=\"article\" \/>\n<meta property=\"og:title\" content=\"Consultanta in Strategie si Management\" \/>\n<meta property=\"og:description\" content=\"\u00cen peisajul de afaceri dinamic \u0219i \u00een continu\u0103 evolu\u021bie, existen\u021ba unui plan strategic pentru cre\u0219tere \u0219i \u00eembun\u0103t\u0103\u021bire opera\u021bional\u0103 este esen\u021bial\u0103. Echipa de consultan\u021b\u0103 \u00een strategie \u0219i management a Baker Tilly ofer\u0103 servicii specializate at\u00e2t entit\u0103\u021bilor publice, c\u00e2t \u0219i celor private, concentr\u00e2ndu-se pe \u00eencurajarea succesului \u0219i cre\u0219terii continue. Consultan\u021bii no\u0219tri, dota\u021bi cu o experien\u021b\u0103 divers\u0103 \u00een&hellip;\" \/>\n<meta property=\"og:url\" content=\"https:\/\/bakertillysee.com\/ro\/1-creative\/servicii\/strategy-management-consulting\/\" \/>\n<meta property=\"og:site_name\" content=\"Baker Tilly South East Europe\" \/>\n<meta property=\"article:modified_time\" content=\"2025-01-10T15:17:51+00:00\" \/>\n<meta name=\"twitter:card\" content=\"summary_large_image\" \/>\n<meta name=\"twitter:label1\" content=\"Timp estimat pentru citire\" \/>\n\t<meta name=\"twitter:data1\" content=\"2 minute\" \/>\n<script type=\"application\/ld+json\" class=\"yoast-schema-graph\">{\"@context\":\"https:\/\/schema.org\",\"@graph\":[{\"@type\":\"WebPage\",\"@id\":\"https:\/\/bakertillysee.com\/ro\/1-creative\/servicii\/strategy-management-consulting\/\",\"url\":\"https:\/\/bakertillysee.com\/ro\/1-creative\/servicii\/strategy-management-consulting\/\",\"name\":\"Consultanta in Strategie si Management - Baker Tilly South East Europe\",\"isPartOf\":{\"@id\":\"https:\/\/bakertillysee.com\/#website\"},\"datePublished\":\"2024-02-29T15:59:59+00:00\",\"dateModified\":\"2025-01-10T15:17:51+00:00\",\"breadcrumb\":{\"@id\":\"https:\/\/bakertillysee.com\/ro\/1-creative\/servicii\/strategy-management-consulting\/#breadcrumb\"},\"inLanguage\":\"ro-RO\",\"potentialAction\":[{\"@type\":\"ReadAction\",\"target\":[\"https:\/\/bakertillysee.com\/ro\/1-creative\/servicii\/strategy-management-consulting\/\"]}]},{\"@type\":\"BreadcrumbList\",\"@id\":\"https:\/\/bakertillysee.com\/ro\/1-creative\/servicii\/strategy-management-consulting\/#breadcrumb\",\"itemListElement\":[{\"@type\":\"ListItem\",\"position\":1,\"name\":\"Home\",\"item\":\"https:\/\/bakertillysee.com\/ro\/\"},{\"@type\":\"ListItem\",\"position\":2,\"name\":\"Pagina de pornire\",\"item\":\"https:\/\/bakertillysee.com\/ro\/\"},{\"@type\":\"ListItem\",\"position\":3,\"name\":\"Servicii\",\"item\":\"https:\/\/bakertillysee.com\/ro\/1-creative\/servicii\/\"},{\"@type\":\"ListItem\",\"position\":4,\"name\":\"Consultanta in Strategie si Management\"}]},{\"@type\":\"WebSite\",\"@id\":\"https:\/\/bakertillysee.com\/#website\",\"url\":\"https:\/\/bakertillysee.com\/\",\"name\":\"Baker Tilly South East Europe\",\"description\":\"Assurance | Tax | Advisory\",\"publisher\":{\"@id\":\"https:\/\/bakertillysee.com\/#organization\"},\"potentialAction\":[{\"@type\":\"SearchAction\",\"target\":{\"@type\":\"EntryPoint\",\"urlTemplate\":\"https:\/\/bakertillysee.com\/?s={search_term_string}\"},\"query-input\":{\"@type\":\"PropertyValueSpecification\",\"valueRequired\":true,\"valueName\":\"search_term_string\"}}],\"inLanguage\":\"ro-RO\"},{\"@type\":\"Organization\",\"@id\":\"https:\/\/bakertillysee.com\/#organization\",\"name\":\"Baker Tilly South East Europe\",\"url\":\"https:\/\/bakertillysee.com\/\",\"logo\":{\"@type\":\"ImageObject\",\"inLanguage\":\"ro-RO\",\"@id\":\"https:\/\/bakertillysee.com\/#\/schema\/logo\/image\/\",\"url\":\"https:\/\/bakertillysee.com\/wp-content\/uploads\/2025\/04\/Baker-Tilly_Charcoal_png-4.png\",\"contentUrl\":\"https:\/\/bakertillysee.com\/wp-content\/uploads\/2025\/04\/Baker-Tilly_Charcoal_png-4.png\",\"width\":449,\"height\":119,\"caption\":\"Baker Tilly South East Europe\"},\"image\":{\"@id\":\"https:\/\/bakertillysee.com\/#\/schema\/logo\/image\/\"}}]}<\/script>\n<!-- \/ Yoast SEO Premium plugin. -->","yoast_head_json":{"title":"Consultanta in Strategie si Management - Baker Tilly South East Europe","robots":{"index":"index","follow":"follow","max-snippet":"max-snippet:-1","max-image-preview":"max-image-preview:large","max-video-preview":"max-video-preview:-1"},"canonical":"https:\/\/bakertillysee.com\/ro\/1-creative\/servicii\/strategy-management-consulting\/","og_locale":"ro_RO","og_type":"article","og_title":"Consultanta in Strategie si Management","og_description":"\u00cen peisajul de afaceri dinamic \u0219i \u00een continu\u0103 evolu\u021bie, existen\u021ba unui plan strategic pentru cre\u0219tere \u0219i \u00eembun\u0103t\u0103\u021bire opera\u021bional\u0103 este esen\u021bial\u0103. Echipa de consultan\u021b\u0103 \u00een strategie \u0219i management a Baker Tilly ofer\u0103 servicii specializate at\u00e2t entit\u0103\u021bilor publice, c\u00e2t \u0219i celor private, concentr\u00e2ndu-se pe \u00eencurajarea succesului \u0219i cre\u0219terii continue. Consultan\u021bii no\u0219tri, dota\u021bi cu o experien\u021b\u0103 divers\u0103 \u00een&hellip;","og_url":"https:\/\/bakertillysee.com\/ro\/1-creative\/servicii\/strategy-management-consulting\/","og_site_name":"Baker Tilly South East Europe","article_modified_time":"2025-01-10T15:17:51+00:00","twitter_card":"summary_large_image","twitter_misc":{"Timp estimat pentru citire":"2 minute"},"schema":{"@context":"https:\/\/schema.org","@graph":[{"@type":"WebPage","@id":"https:\/\/bakertillysee.com\/ro\/1-creative\/servicii\/strategy-management-consulting\/","url":"https:\/\/bakertillysee.com\/ro\/1-creative\/servicii\/strategy-management-consulting\/","name":"Consultanta in Strategie si Management - Baker Tilly South East Europe","isPartOf":{"@id":"https:\/\/bakertillysee.com\/#website"},"datePublished":"2024-02-29T15:59:59+00:00","dateModified":"2025-01-10T15:17:51+00:00","breadcrumb":{"@id":"https:\/\/bakertillysee.com\/ro\/1-creative\/servicii\/strategy-management-consulting\/#breadcrumb"},"inLanguage":"ro-RO","potentialAction":[{"@type":"ReadAction","target":["https:\/\/bakertillysee.com\/ro\/1-creative\/servicii\/strategy-management-consulting\/"]}]},{"@type":"BreadcrumbList","@id":"https:\/\/bakertillysee.com\/ro\/1-creative\/servicii\/strategy-management-consulting\/#breadcrumb","itemListElement":[{"@type":"ListItem","position":1,"name":"Home","item":"https:\/\/bakertillysee.com\/ro\/"},{"@type":"ListItem","position":2,"name":"Pagina de pornire","item":"https:\/\/bakertillysee.com\/ro\/"},{"@type":"ListItem","position":3,"name":"Servicii","item":"https:\/\/bakertillysee.com\/ro\/1-creative\/servicii\/"},{"@type":"ListItem","position":4,"name":"Consultanta in Strategie si Management"}]},{"@type":"WebSite","@id":"https:\/\/bakertillysee.com\/#website","url":"https:\/\/bakertillysee.com\/","name":"Baker Tilly South East Europe","description":"Assurance | Tax | Advisory","publisher":{"@id":"https:\/\/bakertillysee.com\/#organization"},"potentialAction":[{"@type":"SearchAction","target":{"@type":"EntryPoint","urlTemplate":"https:\/\/bakertillysee.com\/?s={search_term_string}"},"query-input":{"@type":"PropertyValueSpecification","valueRequired":true,"valueName":"search_term_string"}}],"inLanguage":"ro-RO"},{"@type":"Organization","@id":"https:\/\/bakertillysee.com\/#organization","name":"Baker Tilly South East Europe","url":"https:\/\/bakertillysee.com\/","logo":{"@type":"ImageObject","inLanguage":"ro-RO","@id":"https:\/\/bakertillysee.com\/#\/schema\/logo\/image\/","url":"https:\/\/bakertillysee.com\/wp-content\/uploads\/2025\/04\/Baker-Tilly_Charcoal_png-4.png","contentUrl":"https:\/\/bakertillysee.com\/wp-content\/uploads\/2025\/04\/Baker-Tilly_Charcoal_png-4.png","width":449,"height":119,"caption":"Baker Tilly South East Europe"},"image":{"@id":"https:\/\/bakertillysee.com\/#\/schema\/logo\/image\/"}}]}},"_links":{"self":[{"href":"https:\/\/bakertillysee.com\/ro\/wp-json\/wp\/v2\/pages\/61504","targetHints":{"allow":["GET"]}}],"collection":[{"href":"https:\/\/bakertillysee.com\/ro\/wp-json\/wp\/v2\/pages"}],"about":[{"href":"https:\/\/bakertillysee.com\/ro\/wp-json\/wp\/v2\/types\/page"}],"author":[{"embeddable":true,"href":"https:\/\/bakertillysee.com\/ro\/wp-json\/wp\/v2\/users\/1"}],"replies":[{"embeddable":true,"href":"https:\/\/bakertillysee.com\/ro\/wp-json\/wp\/v2\/comments?post=61504"}],"version-history":[{"count":1,"href":"https:\/\/bakertillysee.com\/ro\/wp-json\/wp\/v2\/pages\/61504\/revisions"}],"predecessor-version":[{"id":61660,"href":"https:\/\/bakertillysee.com\/ro\/wp-json\/wp\/v2\/pages\/61504\/revisions\/61660"}],"up":[{"embeddable":true,"href":"https:\/\/bakertillysee.com\/ro\/wp-json\/wp\/v2\/pages\/61150"}],"wp:attachment":[{"href":"https:\/\/bakertillysee.com\/ro\/wp-json\/wp\/v2\/media?parent=61504"}],"curies":[{"name":"wp","href":"https:\/\/api.w.org\/{rel}","templated":true}]}}