{"id":61543,"date":"2024-02-28T14:59:04","date_gmt":"2024-02-28T12:59:04","guid":{"rendered":"https:\/\/bakertillysee.com\/1-creative\/servicii\/advisory-services\/human-resources\/"},"modified":"2025-01-10T15:08:28","modified_gmt":"2025-01-10T15:08:28","slug":"human-resources","status":"publish","type":"page","link":"https:\/\/bakertillysee.com\/ro\/1-creative\/servicii\/advisory-services\/human-resources\/","title":{"rendered":"Resurse Umane"},"content":{"rendered":"<p>Exper\u021bii no\u0219tri \u00een consultan\u021b\u0103 \u00een Resurse umane sunt dedica\u021bi \u00een\u021belegerii st\u0103rii actuale a organiza\u021biei dvs. \u0219i ghid\u0103rii acesteia c\u0103tre atingerea poten\u021bialului s\u0103u maxim.<br \/>\nNe propunem o progresie holistic\u0103, permi\u021b\u00e2ndu-v\u0103 s\u0103 face\u021bi fa\u021b\u0103 provoc\u0103rilor de m\u00e2ine cu \u00eencredere. Echipa noastr\u0103 de consultan\u021b\u0103 HR ofer\u0103 o gam\u0103 variat\u0103 de servicii, printre care:<br \/>\nExternalizarea resurselor umane:<\/p>\n<ul>\n<li>Administrarea complet\u0103 a func\u021biilor de HR: gestionarea tuturor aspectelor opera\u021biunilor dvs. de HR.<\/li>\n<li>Recrutare cu volum mare: gestionarea eficient\u0103 a nevoilor de recrutare la scar\u0103 larg\u0103.<\/li>\n<li>Servicii de relocare \u0219i imigrare: Asistarea proceselor de relocare \u0219i imigrare a angaja\u021bilor.<\/li>\n<li>Regulamente interne si manuale de politici: Crearea \u0219i actualizarea documenta\u021biei esen\u021biale de HR.<\/li>\n<li>Dezvoltarea programului de compensare: Proiectarea \u0219i implementarea structurilor competitive de compensare.<\/li>\n<\/ul>\n<p>Ingineria Resurselor Umane:<\/p>\n<ul>\n<li>Audit HR: Evaluarea \u0219i \u00eembun\u0103t\u0103\u021birea proceselor \u0219i sistemelor de resurse umane.<\/li>\n<li>Restructurarea resurselor umane: Modernizarea cadrului HR pentru a se alinia mai bine cu obiectivele organiza\u021bionale.<\/li>\n<li>People Survey: Ob\u021binerea de informa\u021bii despre satisfac\u021bia \u0219i implicarea angaja\u021bilor.<\/li>\n<li>Policies and Procedures: Developing and refining HR policies and procedures for better organizational alignment.<\/li>\n<\/ul>\n<p>Managementul performan\u021bei si recom-penselor:<\/p>\n<ul>\n<li>Sisteme de evaluare a performan\u021bei: Implementarea sistemelor pentru evaluarea eficient\u0103 a performan\u021bei angaja\u021bilor.<\/li>\n<li>Indicatori cheie de performan\u021b\u0103 (KPI): Stabilirea \u0219i urm\u0103rirea indicatorilor critici de performan\u021b\u0103.<\/li>\n<li>Sisteme de recunoa\u0219tere \u0219i recompensare: Crearea de sisteme pentru recunoa\u0219terea \u0219i recompensarea contribu\u021biilor angaja\u021bilor.<\/li>\n<\/ul>\n<p>\u00cenv\u0103\u021bare \u0219i dezvoltare:<\/p>\n<ul>\n<li>Configurarea, implementarea \u0219i monitorizarea strategiei: Dezvoltarea \u0219i supravegherea unei strategii cuprinz\u0103toare de \u00eenv\u0103\u021bare \u0219i dezvoltare.<\/li>\n<\/ul>\n<p>Abordarea noastr\u0103 este de a adapta aceste servicii pentru a satisface nevoile \u0219i obiectivele unice ale organiza\u021biei dvs.Ne angaj\u0103m s\u0103 promov\u0103m un mediu care nu numai c\u0103 atrage, ci \u0219i p\u0103streaz\u0103 talentele de top, asigur\u00e2ndu-ne c\u0103 echipa dvs. este echipat\u0103 corespunzator pentru a v\u0103 conduce afacerea \u00eenainte.<\/p>\n","protected":false},"excerpt":{"rendered":"<p>Exper\u021bii no\u0219tri \u00een consultan\u021b\u0103 \u00een Resurse umane sunt dedica\u021bi \u00een\u021belegerii st\u0103rii actuale a organiza\u021biei dvs. \u0219i ghid\u0103rii acesteia c\u0103tre atingerea poten\u021bialului s\u0103u maxim. Ne propunem o progresie holistic\u0103, permi\u021b\u00e2ndu-v\u0103 s\u0103 face\u021bi fa\u021b\u0103 provoc\u0103rilor de m\u00e2ine cu \u00eencredere. Echipa noastr\u0103 de consultan\u021b\u0103 HR ofer\u0103 o gam\u0103 variat\u0103 de servicii, printre care: Externalizarea resurselor umane: Administrarea complet\u0103&hellip;<\/p>\n","protected":false},"author":1,"featured_media":0,"parent":61533,"menu_order":0,"comment_status":"closed","ping_status":"closed","template":"","meta":{"episode_type":"","audio_file":"","cover_image":"","cover_image_id":"","duration":"","filesize":"","date_recorded":"","explicit":"","block":"","filesize_raw":"","footnotes":""},"class_list":["post-61543","page","type-page","status-publish","hentry","description-off"],"yoast_head":"<!-- This site is optimized with the Yoast SEO Premium plugin v25.0 (Yoast SEO v25.0) - https:\/\/yoast.com\/wordpress\/plugins\/seo\/ -->\n<title>Resurse Umane - Baker Tilly South East Europe<\/title>\n<meta name=\"robots\" content=\"index, follow, max-snippet:-1, max-image-preview:large, max-video-preview:-1\" \/>\n<link rel=\"canonical\" href=\"https:\/\/bakertillysee.com\/ro\/1-creative\/servicii\/advisory-services\/human-resources\/\" \/>\n<meta property=\"og:locale\" content=\"ro_RO\" \/>\n<meta property=\"og:type\" content=\"article\" \/>\n<meta property=\"og:title\" content=\"Resurse Umane\" \/>\n<meta property=\"og:description\" content=\"Exper\u021bii no\u0219tri \u00een consultan\u021b\u0103 \u00een Resurse umane sunt dedica\u021bi \u00een\u021belegerii st\u0103rii actuale a organiza\u021biei dvs. \u0219i ghid\u0103rii acesteia c\u0103tre atingerea poten\u021bialului s\u0103u maxim. Ne propunem o progresie holistic\u0103, permi\u021b\u00e2ndu-v\u0103 s\u0103 face\u021bi fa\u021b\u0103 provoc\u0103rilor de m\u00e2ine cu \u00eencredere. Echipa noastr\u0103 de consultan\u021b\u0103 HR ofer\u0103 o gam\u0103 variat\u0103 de servicii, printre care: Externalizarea resurselor umane: Administrarea complet\u0103&hellip;\" \/>\n<meta property=\"og:url\" content=\"https:\/\/bakertillysee.com\/ro\/1-creative\/servicii\/advisory-services\/human-resources\/\" \/>\n<meta property=\"og:site_name\" content=\"Baker Tilly South East Europe\" \/>\n<meta property=\"article:modified_time\" content=\"2025-01-10T15:08:28+00:00\" \/>\n<meta name=\"twitter:card\" content=\"summary_large_image\" \/>\n<meta name=\"twitter:label1\" content=\"Timp estimat pentru citire\" \/>\n\t<meta name=\"twitter:data1\" content=\"2 minute\" \/>\n<script type=\"application\/ld+json\" class=\"yoast-schema-graph\">{\"@context\":\"https:\/\/schema.org\",\"@graph\":[{\"@type\":\"WebPage\",\"@id\":\"https:\/\/bakertillysee.com\/ro\/1-creative\/servicii\/advisory-services\/human-resources\/\",\"url\":\"https:\/\/bakertillysee.com\/ro\/1-creative\/servicii\/advisory-services\/human-resources\/\",\"name\":\"Resurse Umane - Baker Tilly South East Europe\",\"isPartOf\":{\"@id\":\"https:\/\/bakertillysee.com\/#website\"},\"datePublished\":\"2024-02-28T12:59:04+00:00\",\"dateModified\":\"2025-01-10T15:08:28+00:00\",\"breadcrumb\":{\"@id\":\"https:\/\/bakertillysee.com\/ro\/1-creative\/servicii\/advisory-services\/human-resources\/#breadcrumb\"},\"inLanguage\":\"ro-RO\",\"potentialAction\":[{\"@type\":\"ReadAction\",\"target\":[\"https:\/\/bakertillysee.com\/ro\/1-creative\/servicii\/advisory-services\/human-resources\/\"]}]},{\"@type\":\"BreadcrumbList\",\"@id\":\"https:\/\/bakertillysee.com\/ro\/1-creative\/servicii\/advisory-services\/human-resources\/#breadcrumb\",\"itemListElement\":[{\"@type\":\"ListItem\",\"position\":1,\"name\":\"Home\",\"item\":\"https:\/\/bakertillysee.com\/ro\/\"},{\"@type\":\"ListItem\",\"position\":2,\"name\":\"Pagina de pornire\",\"item\":\"https:\/\/bakertillysee.com\/ro\/\"},{\"@type\":\"ListItem\",\"position\":3,\"name\":\"Servicii\",\"item\":\"https:\/\/bakertillysee.com\/ro\/1-creative\/servicii\/\"},{\"@type\":\"ListItem\",\"position\":4,\"name\":\"Servicii de consultanta audit- Introducere\",\"item\":\"https:\/\/bakertillysee.com\/ro\/1-creative\/servicii\/advisory-services\/\"},{\"@type\":\"ListItem\",\"position\":5,\"name\":\"Resurse Umane\"}]},{\"@type\":\"WebSite\",\"@id\":\"https:\/\/bakertillysee.com\/#website\",\"url\":\"https:\/\/bakertillysee.com\/\",\"name\":\"Baker Tilly South East Europe\",\"description\":\"Assurance | Tax | Advisory\",\"publisher\":{\"@id\":\"https:\/\/bakertillysee.com\/#organization\"},\"potentialAction\":[{\"@type\":\"SearchAction\",\"target\":{\"@type\":\"EntryPoint\",\"urlTemplate\":\"https:\/\/bakertillysee.com\/?s={search_term_string}\"},\"query-input\":{\"@type\":\"PropertyValueSpecification\",\"valueRequired\":true,\"valueName\":\"search_term_string\"}}],\"inLanguage\":\"ro-RO\"},{\"@type\":\"Organization\",\"@id\":\"https:\/\/bakertillysee.com\/#organization\",\"name\":\"Baker Tilly South East Europe\",\"url\":\"https:\/\/bakertillysee.com\/\",\"logo\":{\"@type\":\"ImageObject\",\"inLanguage\":\"ro-RO\",\"@id\":\"https:\/\/bakertillysee.com\/#\/schema\/logo\/image\/\",\"url\":\"https:\/\/bakertillysee.com\/wp-content\/uploads\/2025\/04\/Baker-Tilly_Charcoal_png-4.png\",\"contentUrl\":\"https:\/\/bakertillysee.com\/wp-content\/uploads\/2025\/04\/Baker-Tilly_Charcoal_png-4.png\",\"width\":449,\"height\":119,\"caption\":\"Baker Tilly South East Europe\"},\"image\":{\"@id\":\"https:\/\/bakertillysee.com\/#\/schema\/logo\/image\/\"}}]}<\/script>\n<!-- \/ Yoast SEO Premium plugin. -->","yoast_head_json":{"title":"Resurse Umane - Baker Tilly South East Europe","robots":{"index":"index","follow":"follow","max-snippet":"max-snippet:-1","max-image-preview":"max-image-preview:large","max-video-preview":"max-video-preview:-1"},"canonical":"https:\/\/bakertillysee.com\/ro\/1-creative\/servicii\/advisory-services\/human-resources\/","og_locale":"ro_RO","og_type":"article","og_title":"Resurse Umane","og_description":"Exper\u021bii no\u0219tri \u00een consultan\u021b\u0103 \u00een Resurse umane sunt dedica\u021bi \u00een\u021belegerii st\u0103rii actuale a organiza\u021biei dvs. \u0219i ghid\u0103rii acesteia c\u0103tre atingerea poten\u021bialului s\u0103u maxim. Ne propunem o progresie holistic\u0103, permi\u021b\u00e2ndu-v\u0103 s\u0103 face\u021bi fa\u021b\u0103 provoc\u0103rilor de m\u00e2ine cu \u00eencredere. Echipa noastr\u0103 de consultan\u021b\u0103 HR ofer\u0103 o gam\u0103 variat\u0103 de servicii, printre care: Externalizarea resurselor umane: Administrarea complet\u0103&hellip;","og_url":"https:\/\/bakertillysee.com\/ro\/1-creative\/servicii\/advisory-services\/human-resources\/","og_site_name":"Baker Tilly South East Europe","article_modified_time":"2025-01-10T15:08:28+00:00","twitter_card":"summary_large_image","twitter_misc":{"Timp estimat pentru citire":"2 minute"},"schema":{"@context":"https:\/\/schema.org","@graph":[{"@type":"WebPage","@id":"https:\/\/bakertillysee.com\/ro\/1-creative\/servicii\/advisory-services\/human-resources\/","url":"https:\/\/bakertillysee.com\/ro\/1-creative\/servicii\/advisory-services\/human-resources\/","name":"Resurse Umane - Baker Tilly South East Europe","isPartOf":{"@id":"https:\/\/bakertillysee.com\/#website"},"datePublished":"2024-02-28T12:59:04+00:00","dateModified":"2025-01-10T15:08:28+00:00","breadcrumb":{"@id":"https:\/\/bakertillysee.com\/ro\/1-creative\/servicii\/advisory-services\/human-resources\/#breadcrumb"},"inLanguage":"ro-RO","potentialAction":[{"@type":"ReadAction","target":["https:\/\/bakertillysee.com\/ro\/1-creative\/servicii\/advisory-services\/human-resources\/"]}]},{"@type":"BreadcrumbList","@id":"https:\/\/bakertillysee.com\/ro\/1-creative\/servicii\/advisory-services\/human-resources\/#breadcrumb","itemListElement":[{"@type":"ListItem","position":1,"name":"Home","item":"https:\/\/bakertillysee.com\/ro\/"},{"@type":"ListItem","position":2,"name":"Pagina de pornire","item":"https:\/\/bakertillysee.com\/ro\/"},{"@type":"ListItem","position":3,"name":"Servicii","item":"https:\/\/bakertillysee.com\/ro\/1-creative\/servicii\/"},{"@type":"ListItem","position":4,"name":"Servicii de consultanta audit- Introducere","item":"https:\/\/bakertillysee.com\/ro\/1-creative\/servicii\/advisory-services\/"},{"@type":"ListItem","position":5,"name":"Resurse Umane"}]},{"@type":"WebSite","@id":"https:\/\/bakertillysee.com\/#website","url":"https:\/\/bakertillysee.com\/","name":"Baker Tilly South East Europe","description":"Assurance | Tax | Advisory","publisher":{"@id":"https:\/\/bakertillysee.com\/#organization"},"potentialAction":[{"@type":"SearchAction","target":{"@type":"EntryPoint","urlTemplate":"https:\/\/bakertillysee.com\/?s={search_term_string}"},"query-input":{"@type":"PropertyValueSpecification","valueRequired":true,"valueName":"search_term_string"}}],"inLanguage":"ro-RO"},{"@type":"Organization","@id":"https:\/\/bakertillysee.com\/#organization","name":"Baker Tilly South East Europe","url":"https:\/\/bakertillysee.com\/","logo":{"@type":"ImageObject","inLanguage":"ro-RO","@id":"https:\/\/bakertillysee.com\/#\/schema\/logo\/image\/","url":"https:\/\/bakertillysee.com\/wp-content\/uploads\/2025\/04\/Baker-Tilly_Charcoal_png-4.png","contentUrl":"https:\/\/bakertillysee.com\/wp-content\/uploads\/2025\/04\/Baker-Tilly_Charcoal_png-4.png","width":449,"height":119,"caption":"Baker Tilly South East Europe"},"image":{"@id":"https:\/\/bakertillysee.com\/#\/schema\/logo\/image\/"}}]}},"_links":{"self":[{"href":"https:\/\/bakertillysee.com\/ro\/wp-json\/wp\/v2\/pages\/61543","targetHints":{"allow":["GET"]}}],"collection":[{"href":"https:\/\/bakertillysee.com\/ro\/wp-json\/wp\/v2\/pages"}],"about":[{"href":"https:\/\/bakertillysee.com\/ro\/wp-json\/wp\/v2\/types\/page"}],"author":[{"embeddable":true,"href":"https:\/\/bakertillysee.com\/ro\/wp-json\/wp\/v2\/users\/1"}],"replies":[{"embeddable":true,"href":"https:\/\/bakertillysee.com\/ro\/wp-json\/wp\/v2\/comments?post=61543"}],"version-history":[{"count":1,"href":"https:\/\/bakertillysee.com\/ro\/wp-json\/wp\/v2\/pages\/61543\/revisions"}],"predecessor-version":[{"id":61649,"href":"https:\/\/bakertillysee.com\/ro\/wp-json\/wp\/v2\/pages\/61543\/revisions\/61649"}],"up":[{"embeddable":true,"href":"https:\/\/bakertillysee.com\/ro\/wp-json\/wp\/v2\/pages\/61533"}],"wp:attachment":[{"href":"https:\/\/bakertillysee.com\/ro\/wp-json\/wp\/v2\/media?parent=61543"}],"curies":[{"name":"wp","href":"https:\/\/api.w.org\/{rel}","templated":true}]}}