{"id":61545,"date":"2024-02-28T15:00:08","date_gmt":"2024-02-28T13:00:08","guid":{"rendered":"https:\/\/bakertillysee.com\/1-creative\/servicii\/advisory-services\/transaction-advisory-services\/"},"modified":"2025-01-10T15:08:52","modified_gmt":"2025-01-10T15:08:52","slug":"transaction-advisory-services","status":"publish","type":"page","link":"https:\/\/bakertillysee.com\/ro\/1-creative\/servicii\/advisory-services\/transaction-advisory-services\/","title":{"rendered":"Servicii de consultan\u021b\u0103 pentru tranzac\u021bii"},"content":{"rendered":"<div>Fiecare tranzac\u021bie de afaceri, indiferent de dimensiunea acesteia, joac\u0103 un rol crucial \u00een cre\u0219terea sau succesiunea unei afaceri.<\/div>\n<div><\/div>\n<div>Tranzac\u021biile reu\u0219ite depind de luarea deciziilor \u00een cuno\u0219tin\u021b\u0103 de cauz\u0103, lu\u00e2nd \u00een considerare toate faptele relevante.<\/div>\n<div><\/div>\n<div>Acestea variaz\u0103 de la men\u021binerea concentr\u0103rii asupra obiectivului final &#8211; fie c\u0103 este vorba de cre\u0219tere, profitabilitate crescut\u0103, cot\u0103 de pia\u021b\u0103 sporit\u0103 sau un avantaj competitiv &#8211; p\u00e2n\u0103 la minimizarea riscurilor inerente.<\/div>\n<div><\/div>\n<div>Serviciile noastre sunt meticulos adaptate nevoilor dumneavoastr\u0103 specifice, asigur\u00e2nd rezultate optime pentru organiza\u021bia dumneavoastr\u0103.<\/div>\n<div><\/div>\n<div>Serviciile de consultan\u021b\u0103 \u00een tranzac\u021bii includ:<\/div>\n<div><\/div>\n<ul>\n<li>Servicii pentru tranzac\u021bii: Asist\u0103m la identificarea \u0219i valorificarea cre\u0219terii<br \/>\noportunit\u0103\u021bilor, asigur\u00e2nd achizi\u021bii strategice \u0219i de succes. Serviciile noastre acoper\u0103 \u00eentregul ciclu al tranzac\u021biilor, inclusiv Due Diligence din partea v\u00e2nz\u0103torului \u0219i cump\u0103r\u0103torului, Due Diligence opera\u021bional, Due Diligence financiar \u0219i revizuiri independente ale afacerii. Accentul nostru este pe ob\u021binerea de beneficii sinergice, extinderea acoperirii, reducerea costurilor \u0219i asigurarea faptului c\u0103 achizi\u021biile sunt f\u0103cute la pre\u021bul corect.<\/li>\n<\/ul>\n<div><\/div>\n<ul>\n<li>Evalu\u0103ri \u0219i modelari de afaceri: Abordarea noastr\u0103 dep\u0103\u0219e\u0219te analiza cantitativ\u0103; \u00eencorpor\u0103m o examinare calitativ\u0103 a afacerii, industriei \u0219i condi\u021biilor economice. \u00cen\u021beleg\u00e2nd c\u0103 evaluarea este at\u00e2t o art\u0103, c\u00e2t \u0219i o \u0219tiin\u021b\u0103, aplic\u0103m cele mai potrivite tehnici de evaluare situa\u021biei dvs. unice. Scopul nostru este de a v\u0103 ajuta s\u0103 rafina\u021bi planurile strategice \u0219i s\u0103 ob\u021bine\u021bi rezultate \u00eembun\u0103t\u0103\u021bite \u00een cadrul organiza\u021biei dvs.<\/li>\n<\/ul>\n<div><\/div>\n<ul>\n<li>Consultan\u021b\u0103 pentru Fuziuni si Achizitii (M&amp;A): \u00cen ciuda ratei ridicate de e\u0219ec a fuziunilor \u0219i achizi\u021biilor, acestea r\u0103m\u00e2n esen\u021biale pentru crearea de valoare pe termen lung. Succesul \u00een fuziuni \u0219i achizi\u021bii necesit\u0103 o planificare atent\u0103, diligen\u021b\u0103 \u0219i expertiz\u0103. \u00cencepem prin \u00een\u021belegerea contextului specific al organiza\u021biei dvs., definirea parametrilor de succes \u0219i identificarea oportunit\u0103\u021bilor \u0219i provoc\u0103rilor. Abordarea noastr\u0103 disciplinat\u0103 cuprinde strategia de achizi\u021bie, cesion\u0103rile \u0219i integrarea post-fuziune, cu scopul de a executa planul cu pricepere \u0219i \u00eencredere.<\/li>\n<\/ul>\n<div><\/div>\n<ul>\n<li>Servicii de restructurare:<\/li>\n<\/ul>\n<div>Restructurarea datoriilor: Analiz\u0103m structura actual\u0103 a datoriilor \u0219i a capitalurilor proprii pentru a dezvolta o cale c\u0103tre o pozi\u021bie optim\u0103. Profit\u00e2nd de rela\u021biile noastre puternice cu institu\u021biile financiare, introducem planuri de finan\u021bare adecvate, asigur\u00e2nd acorduri de \u00eemprumut gestionabile \u0219i costuri reduse la minimum ale datoriilor.<\/div>\n<div><\/div>\n<ul>\n<li>Managementul capitalului de lucru: Colabor\u00e2nd direct cu managementul companiei, abord\u0103m provoc\u0103rile \u00een gestionarea capitalului circulant pentru a stabiliza performan\u021ba financiar\u0103. Aceasta implic\u0103 preg\u0103tirea previziunilor fluxului de numerar, estimarea nevoilor de capital circulant, efectuarea studiilor de fezabilitate \u0219i dezvoltarea strategiilor de ie\u0219ire.<\/li>\n<\/ul>\n<div><\/div>\n<div>Gama noastr\u0103 larg\u0103 de servicii de consultan\u021b\u0103 \u00een tranzac\u021bii este conceput\u0103 pentru a v\u0103 ghida organiza\u021bia prin peisaje financiare complexe, ajut\u00e2ndu-v\u0103 s\u0103 ob\u021bine\u021bi o cre\u0219tere durabil\u0103 \u0219i succes.<\/div>\n","protected":false},"excerpt":{"rendered":"<p>Fiecare tranzac\u021bie de afaceri, indiferent de dimensiunea acesteia, joac\u0103 un rol crucial \u00een cre\u0219terea sau succesiunea unei afaceri. Tranzac\u021biile reu\u0219ite depind de luarea deciziilor \u00een cuno\u0219tin\u021b\u0103 de cauz\u0103, lu\u00e2nd \u00een considerare toate faptele relevante. Acestea variaz\u0103 de la men\u021binerea concentr\u0103rii asupra obiectivului final &#8211; fie c\u0103 este vorba de cre\u0219tere, profitabilitate crescut\u0103, cot\u0103 de pia\u021b\u0103&hellip;<\/p>\n","protected":false},"author":1,"featured_media":0,"parent":61533,"menu_order":0,"comment_status":"closed","ping_status":"closed","template":"","meta":{"episode_type":"","audio_file":"","cover_image":"","cover_image_id":"","duration":"","filesize":"","date_recorded":"","explicit":"","block":"","filesize_raw":"","footnotes":""},"class_list":["post-61545","page","type-page","status-publish","hentry","description-off"],"yoast_head":"<!-- This site is optimized with the Yoast SEO Premium plugin v25.0 (Yoast SEO v25.0) - https:\/\/yoast.com\/wordpress\/plugins\/seo\/ -->\n<title>Servicii de consultan\u021b\u0103 pentru tranzac\u021bii - Baker Tilly South East Europe<\/title>\n<meta name=\"robots\" content=\"index, follow, max-snippet:-1, max-image-preview:large, max-video-preview:-1\" \/>\n<link rel=\"canonical\" href=\"https:\/\/bakertillysee.com\/ro\/1-creative\/servicii\/advisory-services\/transaction-advisory-services\/\" \/>\n<meta property=\"og:locale\" content=\"ro_RO\" \/>\n<meta property=\"og:type\" content=\"article\" \/>\n<meta property=\"og:title\" content=\"Servicii de consultan\u021b\u0103 pentru tranzac\u021bii\" \/>\n<meta property=\"og:description\" content=\"Fiecare tranzac\u021bie de afaceri, indiferent de dimensiunea acesteia, joac\u0103 un rol crucial \u00een cre\u0219terea sau succesiunea unei afaceri. Tranzac\u021biile reu\u0219ite depind de luarea deciziilor \u00een cuno\u0219tin\u021b\u0103 de cauz\u0103, lu\u00e2nd \u00een considerare toate faptele relevante. Acestea variaz\u0103 de la men\u021binerea concentr\u0103rii asupra obiectivului final &#8211; fie c\u0103 este vorba de cre\u0219tere, profitabilitate crescut\u0103, cot\u0103 de pia\u021b\u0103&hellip;\" \/>\n<meta property=\"og:url\" content=\"https:\/\/bakertillysee.com\/ro\/1-creative\/servicii\/advisory-services\/transaction-advisory-services\/\" \/>\n<meta property=\"og:site_name\" content=\"Baker Tilly South East Europe\" \/>\n<meta property=\"article:modified_time\" content=\"2025-01-10T15:08:52+00:00\" \/>\n<meta name=\"twitter:card\" content=\"summary_large_image\" \/>\n<meta name=\"twitter:label1\" content=\"Timp estimat pentru citire\" \/>\n\t<meta name=\"twitter:data1\" content=\"2 minute\" \/>\n<script type=\"application\/ld+json\" class=\"yoast-schema-graph\">{\"@context\":\"https:\/\/schema.org\",\"@graph\":[{\"@type\":\"WebPage\",\"@id\":\"https:\/\/bakertillysee.com\/ro\/1-creative\/servicii\/advisory-services\/transaction-advisory-services\/\",\"url\":\"https:\/\/bakertillysee.com\/ro\/1-creative\/servicii\/advisory-services\/transaction-advisory-services\/\",\"name\":\"Servicii de consultan\u021b\u0103 pentru tranzac\u021bii - Baker Tilly South East Europe\",\"isPartOf\":{\"@id\":\"https:\/\/bakertillysee.com\/#website\"},\"datePublished\":\"2024-02-28T13:00:08+00:00\",\"dateModified\":\"2025-01-10T15:08:52+00:00\",\"breadcrumb\":{\"@id\":\"https:\/\/bakertillysee.com\/ro\/1-creative\/servicii\/advisory-services\/transaction-advisory-services\/#breadcrumb\"},\"inLanguage\":\"ro-RO\",\"potentialAction\":[{\"@type\":\"ReadAction\",\"target\":[\"https:\/\/bakertillysee.com\/ro\/1-creative\/servicii\/advisory-services\/transaction-advisory-services\/\"]}]},{\"@type\":\"BreadcrumbList\",\"@id\":\"https:\/\/bakertillysee.com\/ro\/1-creative\/servicii\/advisory-services\/transaction-advisory-services\/#breadcrumb\",\"itemListElement\":[{\"@type\":\"ListItem\",\"position\":1,\"name\":\"Home\",\"item\":\"https:\/\/bakertillysee.com\/ro\/\"},{\"@type\":\"ListItem\",\"position\":2,\"name\":\"Pagina de pornire\",\"item\":\"https:\/\/bakertillysee.com\/ro\/\"},{\"@type\":\"ListItem\",\"position\":3,\"name\":\"Servicii\",\"item\":\"https:\/\/bakertillysee.com\/ro\/1-creative\/servicii\/\"},{\"@type\":\"ListItem\",\"position\":4,\"name\":\"Servicii de consultanta audit- Introducere\",\"item\":\"https:\/\/bakertillysee.com\/ro\/1-creative\/servicii\/advisory-services\/\"},{\"@type\":\"ListItem\",\"position\":5,\"name\":\"Servicii de consultan\u021b\u0103 pentru tranzac\u021bii\"}]},{\"@type\":\"WebSite\",\"@id\":\"https:\/\/bakertillysee.com\/#website\",\"url\":\"https:\/\/bakertillysee.com\/\",\"name\":\"Baker Tilly South East Europe\",\"description\":\"Assurance | Tax | Advisory\",\"publisher\":{\"@id\":\"https:\/\/bakertillysee.com\/#organization\"},\"potentialAction\":[{\"@type\":\"SearchAction\",\"target\":{\"@type\":\"EntryPoint\",\"urlTemplate\":\"https:\/\/bakertillysee.com\/?s={search_term_string}\"},\"query-input\":{\"@type\":\"PropertyValueSpecification\",\"valueRequired\":true,\"valueName\":\"search_term_string\"}}],\"inLanguage\":\"ro-RO\"},{\"@type\":\"Organization\",\"@id\":\"https:\/\/bakertillysee.com\/#organization\",\"name\":\"Baker Tilly South East Europe\",\"url\":\"https:\/\/bakertillysee.com\/\",\"logo\":{\"@type\":\"ImageObject\",\"inLanguage\":\"ro-RO\",\"@id\":\"https:\/\/bakertillysee.com\/#\/schema\/logo\/image\/\",\"url\":\"https:\/\/bakertillysee.com\/wp-content\/uploads\/2025\/04\/Baker-Tilly_Charcoal_png-4.png\",\"contentUrl\":\"https:\/\/bakertillysee.com\/wp-content\/uploads\/2025\/04\/Baker-Tilly_Charcoal_png-4.png\",\"width\":449,\"height\":119,\"caption\":\"Baker Tilly South East Europe\"},\"image\":{\"@id\":\"https:\/\/bakertillysee.com\/#\/schema\/logo\/image\/\"}}]}<\/script>\n<!-- \/ Yoast SEO Premium plugin. -->","yoast_head_json":{"title":"Servicii de consultan\u021b\u0103 pentru tranzac\u021bii - Baker Tilly South East Europe","robots":{"index":"index","follow":"follow","max-snippet":"max-snippet:-1","max-image-preview":"max-image-preview:large","max-video-preview":"max-video-preview:-1"},"canonical":"https:\/\/bakertillysee.com\/ro\/1-creative\/servicii\/advisory-services\/transaction-advisory-services\/","og_locale":"ro_RO","og_type":"article","og_title":"Servicii de consultan\u021b\u0103 pentru tranzac\u021bii","og_description":"Fiecare tranzac\u021bie de afaceri, indiferent de dimensiunea acesteia, joac\u0103 un rol crucial \u00een cre\u0219terea sau succesiunea unei afaceri. Tranzac\u021biile reu\u0219ite depind de luarea deciziilor \u00een cuno\u0219tin\u021b\u0103 de cauz\u0103, lu\u00e2nd \u00een considerare toate faptele relevante. Acestea variaz\u0103 de la men\u021binerea concentr\u0103rii asupra obiectivului final &#8211; fie c\u0103 este vorba de cre\u0219tere, profitabilitate crescut\u0103, cot\u0103 de pia\u021b\u0103&hellip;","og_url":"https:\/\/bakertillysee.com\/ro\/1-creative\/servicii\/advisory-services\/transaction-advisory-services\/","og_site_name":"Baker Tilly South East Europe","article_modified_time":"2025-01-10T15:08:52+00:00","twitter_card":"summary_large_image","twitter_misc":{"Timp estimat pentru citire":"2 minute"},"schema":{"@context":"https:\/\/schema.org","@graph":[{"@type":"WebPage","@id":"https:\/\/bakertillysee.com\/ro\/1-creative\/servicii\/advisory-services\/transaction-advisory-services\/","url":"https:\/\/bakertillysee.com\/ro\/1-creative\/servicii\/advisory-services\/transaction-advisory-services\/","name":"Servicii de consultan\u021b\u0103 pentru tranzac\u021bii - Baker Tilly South East Europe","isPartOf":{"@id":"https:\/\/bakertillysee.com\/#website"},"datePublished":"2024-02-28T13:00:08+00:00","dateModified":"2025-01-10T15:08:52+00:00","breadcrumb":{"@id":"https:\/\/bakertillysee.com\/ro\/1-creative\/servicii\/advisory-services\/transaction-advisory-services\/#breadcrumb"},"inLanguage":"ro-RO","potentialAction":[{"@type":"ReadAction","target":["https:\/\/bakertillysee.com\/ro\/1-creative\/servicii\/advisory-services\/transaction-advisory-services\/"]}]},{"@type":"BreadcrumbList","@id":"https:\/\/bakertillysee.com\/ro\/1-creative\/servicii\/advisory-services\/transaction-advisory-services\/#breadcrumb","itemListElement":[{"@type":"ListItem","position":1,"name":"Home","item":"https:\/\/bakertillysee.com\/ro\/"},{"@type":"ListItem","position":2,"name":"Pagina de pornire","item":"https:\/\/bakertillysee.com\/ro\/"},{"@type":"ListItem","position":3,"name":"Servicii","item":"https:\/\/bakertillysee.com\/ro\/1-creative\/servicii\/"},{"@type":"ListItem","position":4,"name":"Servicii de consultanta audit- Introducere","item":"https:\/\/bakertillysee.com\/ro\/1-creative\/servicii\/advisory-services\/"},{"@type":"ListItem","position":5,"name":"Servicii de consultan\u021b\u0103 pentru tranzac\u021bii"}]},{"@type":"WebSite","@id":"https:\/\/bakertillysee.com\/#website","url":"https:\/\/bakertillysee.com\/","name":"Baker Tilly South East Europe","description":"Assurance | Tax | Advisory","publisher":{"@id":"https:\/\/bakertillysee.com\/#organization"},"potentialAction":[{"@type":"SearchAction","target":{"@type":"EntryPoint","urlTemplate":"https:\/\/bakertillysee.com\/?s={search_term_string}"},"query-input":{"@type":"PropertyValueSpecification","valueRequired":true,"valueName":"search_term_string"}}],"inLanguage":"ro-RO"},{"@type":"Organization","@id":"https:\/\/bakertillysee.com\/#organization","name":"Baker Tilly South East Europe","url":"https:\/\/bakertillysee.com\/","logo":{"@type":"ImageObject","inLanguage":"ro-RO","@id":"https:\/\/bakertillysee.com\/#\/schema\/logo\/image\/","url":"https:\/\/bakertillysee.com\/wp-content\/uploads\/2025\/04\/Baker-Tilly_Charcoal_png-4.png","contentUrl":"https:\/\/bakertillysee.com\/wp-content\/uploads\/2025\/04\/Baker-Tilly_Charcoal_png-4.png","width":449,"height":119,"caption":"Baker Tilly South East Europe"},"image":{"@id":"https:\/\/bakertillysee.com\/#\/schema\/logo\/image\/"}}]}},"_links":{"self":[{"href":"https:\/\/bakertillysee.com\/ro\/wp-json\/wp\/v2\/pages\/61545","targetHints":{"allow":["GET"]}}],"collection":[{"href":"https:\/\/bakertillysee.com\/ro\/wp-json\/wp\/v2\/pages"}],"about":[{"href":"https:\/\/bakertillysee.com\/ro\/wp-json\/wp\/v2\/types\/page"}],"author":[{"embeddable":true,"href":"https:\/\/bakertillysee.com\/ro\/wp-json\/wp\/v2\/users\/1"}],"replies":[{"embeddable":true,"href":"https:\/\/bakertillysee.com\/ro\/wp-json\/wp\/v2\/comments?post=61545"}],"version-history":[{"count":1,"href":"https:\/\/bakertillysee.com\/ro\/wp-json\/wp\/v2\/pages\/61545\/revisions"}],"predecessor-version":[{"id":61650,"href":"https:\/\/bakertillysee.com\/ro\/wp-json\/wp\/v2\/pages\/61545\/revisions\/61650"}],"up":[{"embeddable":true,"href":"https:\/\/bakertillysee.com\/ro\/wp-json\/wp\/v2\/pages\/61533"}],"wp:attachment":[{"href":"https:\/\/bakertillysee.com\/ro\/wp-json\/wp\/v2\/media?parent=61545"}],"curies":[{"name":"wp","href":"https:\/\/api.w.org\/{rel}","templated":true}]}}