{"id":61547,"date":"2024-02-28T15:04:02","date_gmt":"2024-02-28T13:04:02","guid":{"rendered":"https:\/\/bakertillysee.com\/1-creative\/servicii\/digital-risk-advisory-services\/"},"modified":"2025-01-10T15:09:17","modified_gmt":"2025-01-10T15:09:17","slug":"digital-risk-advisory-services","status":"publish","type":"page","link":"https:\/\/bakertillysee.com\/ro\/1-creative\/servicii\/digital-risk-advisory-services\/","title":{"rendered":"Servicii De Consultan\u021b\u0103 Digital\u0103"},"content":{"rendered":"<div class=\"wpb-content-wrapper\"><p>[vc_row][vc_column][vc_column_text css=&#8221;&#8221;]<\/p>\n<div>\u00cen mediul de afaceri actual, aflat \u00eentr-o continu\u0103 evolu\u021bie, organiza\u021biile se confrunt\u0103 cu un peisaj din ce \u00een ce mai complex. Acest peisaj include o aten\u021bie sporit\u0103 asupra guvernan\u021bei \u0219i un mediu de risc \u00een schimbare continu\u0103.<\/div>\n<div><\/div>\n<div>Mai mult dec\u00e2t at\u00e2t, cre\u0219terea ini\u021biativelor de automatizare \u0219i transformare digital\u0103 adaug\u0103 niveluri suplimentare de complexitate, \u00een special \u00een ceea ce prive\u0219te rolul tehnologiei \u00een procese \u0219i modele opera\u021bionale.<\/div>\n<div><\/div>\n<div>Este esen\u021bial ca organiza\u021biile s\u0103 evalueze \u0219i s\u0103 gestioneze eficient aceste riscuri \u0219i s\u0103 verifice adecvarea r\u0103spunsurilor lor.<\/div>\n<div><\/div>\n<div>Acest lucru este crucial nu doar pentru implementarea cu succes a strategiilor de afaceri, ci \u0219i pentru maximizarea valorii ob\u021binute din investi\u021biile \u00een tehnologia informa\u021biei.<\/div>\n<div><\/div>\n<div>\u00cen acest context, serviciile de Digital \u0219i Risk Advisory devin indispensabile.<\/div>\n<div><\/div>\n<div>Aceste servicii ofer\u0103 o valoare semnificativ\u0103 prin ajutorul oferit organiza\u021biilor \u00een:<\/div>\n<div><\/div>\n<ul>\n<li>Navigarea complexit\u0103\u021bilor transform\u0103rii digitale, asigur\u00e2ndu-se c\u0103 progresele tehnologice se aliniaz\u0103 cu obiectivele de afaceri.<\/li>\n<li>Identificarea, evaluarea \u0219i gestionarea proactiv\u0103 a riscurilor, sporind astfel rezilien\u021ba organiza\u021bional\u0103.<\/li>\n<li>Optimizarea proceselor \u0219i sistemelor IT pentru a sus\u021bine obiectivele strategice, sporind eficien\u021ba \u0219i eficacitatea.<\/li>\n<\/ul>\n<div><\/div>\n<div>Serviciile noastre de Digital \u0219i Risk Advisory sunt concepute pentru a ghida organiza\u021biile prin aceste provoc\u0103ri, asigur\u00e2ndu-se c\u0103 acestea sunt bine preg\u0103tite s\u0103 prospere \u00eentr-o lume din ce \u00een ce mai digital\u0103 \u0219i orientat\u0103 spre gestionarea riscurilor.<\/div>\n<div><\/div>\n<div>Prin valorificarea expertizei noastre, organiza\u021biile pot aborda cu \u00eencredere aceste complexit\u0103\u021bi \u0219i pot exploata \u00eentregul poten\u021bial al resurselor lor IT, aliniindu-le cu strategiile lor de afaceri.<\/div>\n<p>[\/vc_column_text][\/vc_column][\/vc_row]<\/p>\n<\/div>","protected":false},"excerpt":{"rendered":"<p>[vc_row][vc_column][vc_column_text css=&#8221;&#8221;] \u00cen mediul de afaceri actual, aflat \u00eentr-o continu\u0103 evolu\u021bie, organiza\u021biile se confrunt\u0103 cu un peisaj din ce \u00een ce mai complex. Acest peisaj include o aten\u021bie sporit\u0103 asupra guvernan\u021bei \u0219i un mediu de risc \u00een schimbare continu\u0103. Mai mult dec\u00e2t at\u00e2t, cre\u0219terea ini\u021biativelor de automatizare \u0219i transformare digital\u0103 adaug\u0103 niveluri suplimentare de complexitate,&hellip;<\/p>\n","protected":false},"author":1,"featured_media":0,"parent":61150,"menu_order":0,"comment_status":"closed","ping_status":"closed","template":"","meta":{"episode_type":"","audio_file":"","cover_image":"","cover_image_id":"","duration":"","filesize":"","date_recorded":"","explicit":"","block":"","filesize_raw":"","footnotes":""},"class_list":["post-61547","page","type-page","status-publish","hentry","description-off"],"yoast_head":"<!-- This site is optimized with the Yoast SEO Premium plugin v25.0 (Yoast SEO v25.0) - https:\/\/yoast.com\/wordpress\/plugins\/seo\/ -->\n<title>Servicii De Consultan\u021b\u0103 Digital\u0103 - Baker Tilly South East Europe<\/title>\n<meta name=\"robots\" content=\"index, follow, max-snippet:-1, max-image-preview:large, max-video-preview:-1\" \/>\n<link rel=\"canonical\" href=\"https:\/\/bakertillysee.com\/ro\/1-creative\/servicii\/digital-risk-advisory-services\/\" \/>\n<meta property=\"og:locale\" content=\"ro_RO\" \/>\n<meta property=\"og:type\" content=\"article\" \/>\n<meta property=\"og:title\" content=\"Servicii De Consultan\u021b\u0103 Digital\u0103\" \/>\n<meta property=\"og:description\" content=\"[vc_row][vc_column][vc_column_text css=&#8221;&#8221;] \u00cen mediul de afaceri actual, aflat \u00eentr-o continu\u0103 evolu\u021bie, organiza\u021biile se confrunt\u0103 cu un peisaj din ce \u00een ce mai complex. Acest peisaj include o aten\u021bie sporit\u0103 asupra guvernan\u021bei \u0219i un mediu de risc \u00een schimbare continu\u0103. Mai mult dec\u00e2t at\u00e2t, cre\u0219terea ini\u021biativelor de automatizare \u0219i transformare digital\u0103 adaug\u0103 niveluri suplimentare de complexitate,&hellip;\" \/>\n<meta property=\"og:url\" content=\"https:\/\/bakertillysee.com\/ro\/1-creative\/servicii\/digital-risk-advisory-services\/\" \/>\n<meta property=\"og:site_name\" content=\"Baker Tilly South East Europe\" \/>\n<meta property=\"article:modified_time\" content=\"2025-01-10T15:09:17+00:00\" \/>\n<meta name=\"twitter:card\" content=\"summary_large_image\" \/>\n<meta name=\"twitter:label1\" content=\"Timp estimat pentru citire\" \/>\n\t<meta name=\"twitter:data1\" content=\"2 minute\" \/>\n<script type=\"application\/ld+json\" class=\"yoast-schema-graph\">{\"@context\":\"https:\/\/schema.org\",\"@graph\":[{\"@type\":\"WebPage\",\"@id\":\"https:\/\/bakertillysee.com\/ro\/1-creative\/servicii\/digital-risk-advisory-services\/\",\"url\":\"https:\/\/bakertillysee.com\/ro\/1-creative\/servicii\/digital-risk-advisory-services\/\",\"name\":\"Servicii De Consultan\u021b\u0103 Digital\u0103 - Baker Tilly South East Europe\",\"isPartOf\":{\"@id\":\"https:\/\/bakertillysee.com\/#website\"},\"datePublished\":\"2024-02-28T13:04:02+00:00\",\"dateModified\":\"2025-01-10T15:09:17+00:00\",\"breadcrumb\":{\"@id\":\"https:\/\/bakertillysee.com\/ro\/1-creative\/servicii\/digital-risk-advisory-services\/#breadcrumb\"},\"inLanguage\":\"ro-RO\",\"potentialAction\":[{\"@type\":\"ReadAction\",\"target\":[\"https:\/\/bakertillysee.com\/ro\/1-creative\/servicii\/digital-risk-advisory-services\/\"]}]},{\"@type\":\"BreadcrumbList\",\"@id\":\"https:\/\/bakertillysee.com\/ro\/1-creative\/servicii\/digital-risk-advisory-services\/#breadcrumb\",\"itemListElement\":[{\"@type\":\"ListItem\",\"position\":1,\"name\":\"Home\",\"item\":\"https:\/\/bakertillysee.com\/ro\/\"},{\"@type\":\"ListItem\",\"position\":2,\"name\":\"Pagina de pornire\",\"item\":\"https:\/\/bakertillysee.com\/ro\/\"},{\"@type\":\"ListItem\",\"position\":3,\"name\":\"Servicii\",\"item\":\"https:\/\/bakertillysee.com\/ro\/1-creative\/servicii\/\"},{\"@type\":\"ListItem\",\"position\":4,\"name\":\"Servicii De Consultan\u021b\u0103 Digital\u0103\"}]},{\"@type\":\"WebSite\",\"@id\":\"https:\/\/bakertillysee.com\/#website\",\"url\":\"https:\/\/bakertillysee.com\/\",\"name\":\"Baker Tilly South East Europe\",\"description\":\"Assurance | Tax | Advisory\",\"publisher\":{\"@id\":\"https:\/\/bakertillysee.com\/#organization\"},\"potentialAction\":[{\"@type\":\"SearchAction\",\"target\":{\"@type\":\"EntryPoint\",\"urlTemplate\":\"https:\/\/bakertillysee.com\/?s={search_term_string}\"},\"query-input\":{\"@type\":\"PropertyValueSpecification\",\"valueRequired\":true,\"valueName\":\"search_term_string\"}}],\"inLanguage\":\"ro-RO\"},{\"@type\":\"Organization\",\"@id\":\"https:\/\/bakertillysee.com\/#organization\",\"name\":\"Baker Tilly South East Europe\",\"url\":\"https:\/\/bakertillysee.com\/\",\"logo\":{\"@type\":\"ImageObject\",\"inLanguage\":\"ro-RO\",\"@id\":\"https:\/\/bakertillysee.com\/#\/schema\/logo\/image\/\",\"url\":\"https:\/\/bakertillysee.com\/wp-content\/uploads\/2025\/04\/Baker-Tilly_Charcoal_png-4.png\",\"contentUrl\":\"https:\/\/bakertillysee.com\/wp-content\/uploads\/2025\/04\/Baker-Tilly_Charcoal_png-4.png\",\"width\":449,\"height\":119,\"caption\":\"Baker Tilly South East Europe\"},\"image\":{\"@id\":\"https:\/\/bakertillysee.com\/#\/schema\/logo\/image\/\"}}]}<\/script>\n<!-- \/ Yoast SEO Premium plugin. -->","yoast_head_json":{"title":"Servicii De Consultan\u021b\u0103 Digital\u0103 - Baker Tilly South East Europe","robots":{"index":"index","follow":"follow","max-snippet":"max-snippet:-1","max-image-preview":"max-image-preview:large","max-video-preview":"max-video-preview:-1"},"canonical":"https:\/\/bakertillysee.com\/ro\/1-creative\/servicii\/digital-risk-advisory-services\/","og_locale":"ro_RO","og_type":"article","og_title":"Servicii De Consultan\u021b\u0103 Digital\u0103","og_description":"[vc_row][vc_column][vc_column_text css=&#8221;&#8221;] \u00cen mediul de afaceri actual, aflat \u00eentr-o continu\u0103 evolu\u021bie, organiza\u021biile se confrunt\u0103 cu un peisaj din ce \u00een ce mai complex. Acest peisaj include o aten\u021bie sporit\u0103 asupra guvernan\u021bei \u0219i un mediu de risc \u00een schimbare continu\u0103. Mai mult dec\u00e2t at\u00e2t, cre\u0219terea ini\u021biativelor de automatizare \u0219i transformare digital\u0103 adaug\u0103 niveluri suplimentare de complexitate,&hellip;","og_url":"https:\/\/bakertillysee.com\/ro\/1-creative\/servicii\/digital-risk-advisory-services\/","og_site_name":"Baker Tilly South East Europe","article_modified_time":"2025-01-10T15:09:17+00:00","twitter_card":"summary_large_image","twitter_misc":{"Timp estimat pentru citire":"2 minute"},"schema":{"@context":"https:\/\/schema.org","@graph":[{"@type":"WebPage","@id":"https:\/\/bakertillysee.com\/ro\/1-creative\/servicii\/digital-risk-advisory-services\/","url":"https:\/\/bakertillysee.com\/ro\/1-creative\/servicii\/digital-risk-advisory-services\/","name":"Servicii De Consultan\u021b\u0103 Digital\u0103 - Baker Tilly South East Europe","isPartOf":{"@id":"https:\/\/bakertillysee.com\/#website"},"datePublished":"2024-02-28T13:04:02+00:00","dateModified":"2025-01-10T15:09:17+00:00","breadcrumb":{"@id":"https:\/\/bakertillysee.com\/ro\/1-creative\/servicii\/digital-risk-advisory-services\/#breadcrumb"},"inLanguage":"ro-RO","potentialAction":[{"@type":"ReadAction","target":["https:\/\/bakertillysee.com\/ro\/1-creative\/servicii\/digital-risk-advisory-services\/"]}]},{"@type":"BreadcrumbList","@id":"https:\/\/bakertillysee.com\/ro\/1-creative\/servicii\/digital-risk-advisory-services\/#breadcrumb","itemListElement":[{"@type":"ListItem","position":1,"name":"Home","item":"https:\/\/bakertillysee.com\/ro\/"},{"@type":"ListItem","position":2,"name":"Pagina de pornire","item":"https:\/\/bakertillysee.com\/ro\/"},{"@type":"ListItem","position":3,"name":"Servicii","item":"https:\/\/bakertillysee.com\/ro\/1-creative\/servicii\/"},{"@type":"ListItem","position":4,"name":"Servicii De Consultan\u021b\u0103 Digital\u0103"}]},{"@type":"WebSite","@id":"https:\/\/bakertillysee.com\/#website","url":"https:\/\/bakertillysee.com\/","name":"Baker Tilly South East Europe","description":"Assurance | Tax | Advisory","publisher":{"@id":"https:\/\/bakertillysee.com\/#organization"},"potentialAction":[{"@type":"SearchAction","target":{"@type":"EntryPoint","urlTemplate":"https:\/\/bakertillysee.com\/?s={search_term_string}"},"query-input":{"@type":"PropertyValueSpecification","valueRequired":true,"valueName":"search_term_string"}}],"inLanguage":"ro-RO"},{"@type":"Organization","@id":"https:\/\/bakertillysee.com\/#organization","name":"Baker Tilly South East Europe","url":"https:\/\/bakertillysee.com\/","logo":{"@type":"ImageObject","inLanguage":"ro-RO","@id":"https:\/\/bakertillysee.com\/#\/schema\/logo\/image\/","url":"https:\/\/bakertillysee.com\/wp-content\/uploads\/2025\/04\/Baker-Tilly_Charcoal_png-4.png","contentUrl":"https:\/\/bakertillysee.com\/wp-content\/uploads\/2025\/04\/Baker-Tilly_Charcoal_png-4.png","width":449,"height":119,"caption":"Baker Tilly South East Europe"},"image":{"@id":"https:\/\/bakertillysee.com\/#\/schema\/logo\/image\/"}}]}},"_links":{"self":[{"href":"https:\/\/bakertillysee.com\/ro\/wp-json\/wp\/v2\/pages\/61547","targetHints":{"allow":["GET"]}}],"collection":[{"href":"https:\/\/bakertillysee.com\/ro\/wp-json\/wp\/v2\/pages"}],"about":[{"href":"https:\/\/bakertillysee.com\/ro\/wp-json\/wp\/v2\/types\/page"}],"author":[{"embeddable":true,"href":"https:\/\/bakertillysee.com\/ro\/wp-json\/wp\/v2\/users\/1"}],"replies":[{"embeddable":true,"href":"https:\/\/bakertillysee.com\/ro\/wp-json\/wp\/v2\/comments?post=61547"}],"version-history":[{"count":1,"href":"https:\/\/bakertillysee.com\/ro\/wp-json\/wp\/v2\/pages\/61547\/revisions"}],"predecessor-version":[{"id":61651,"href":"https:\/\/bakertillysee.com\/ro\/wp-json\/wp\/v2\/pages\/61547\/revisions\/61651"}],"up":[{"embeddable":true,"href":"https:\/\/bakertillysee.com\/ro\/wp-json\/wp\/v2\/pages\/61150"}],"wp:attachment":[{"href":"https:\/\/bakertillysee.com\/ro\/wp-json\/wp\/v2\/media?parent=61547"}],"curies":[{"name":"wp","href":"https:\/\/api.w.org\/{rel}","templated":true}]}}