{"id":61553,"date":"2024-02-28T15:06:29","date_gmt":"2024-02-28T13:06:29","guid":{"rendered":"https:\/\/bakertillysee.com\/1-creative\/servicii\/digital-risk-advisory-services\/digital-advisory-services\/"},"modified":"2025-01-10T15:10:30","modified_gmt":"2025-01-10T15:10:30","slug":"digital-advisory-services","status":"publish","type":"page","link":"https:\/\/bakertillysee.com\/ro\/1-creative\/servicii\/digital-risk-advisory-services\/digital-advisory-services\/","title":{"rendered":"Servicii de Consultan\u021b\u0103 Digital\u0103"},"content":{"rendered":"<div class=\"wpb-content-wrapper\"><p>[vc_row][vc_column][vc_column_text css=&#8221;&#8221;]Implementarea solu\u021biilor digitale implic\u0103 o serie de provoc\u0103ri, iar implementarea lor cu succes stimuleaz\u0103 performan\u021ba afacerii. Oferind certitudinea ca valoarea oferita este un factor cheie pentru integrarea IT \u0219i operationala. \u00cen acela\u0219i timp, organiza\u021biile trebuie s\u0103 fie vigilente \u00een ceea ce prive\u0219te securitatea \u0219i confiden\u021bialitatea datelor, \u00een special \u00een contextul mediului de amenin\u021b\u0103ri \u0219i al cadrului de reglementare \u00een continu\u0103 evolu\u021bie.Preg\u0103tirea pentru aceast\u0103 nou\u0103 er\u0103 digital\u0103 este o sarcin\u0103 complex\u0103 care necesit\u0103 o combina\u021bie de afaceri, tehnologie, date, inova\u021bie \u0219i implicarea si angajamentul p\u0103r\u021bilor interesate.<br \/>\nCu experien\u021ba noastr\u0103 \u00een asistarea unei game diverse de clien\u021bi din multiple industrii \u0219i de dimensiuni diferite, suntem bine pozi\u021biona\u021bi pentru a dezvolta un traseu eficient c\u0103tre realizarea transform\u0103rii digitale \u0219i pentru a ne sus\u021bine clien\u021bii pe parcursul \u00eentregii lor c\u0103l\u0103torii.<\/p>\n<h2>Serviciile noastre de consultan\u021b\u0103 digital\u0103 includ:<\/h2>\n<p>Consultan\u021b\u0103 \u00een Strategie Digital\u0103: Colabor\u0103m cu dumneavoastr\u0103 pentru a \u00een\u021belege nevoile specifice \u0219i pentru a sprijini strategia dumneavoastr\u0103 digital\u0103. \u00cencep\u00e2nd aceast\u0103 c\u0103l\u0103torie cu o strategie digital\u0103 adecvat\u0103, pute\u021bi ob\u021bine agilitate pentru a anticipa cerin\u021bele clien\u021bilor \u0219i a inova pentru a r\u0103m\u00e2ne \u00een frunte, eficien\u021b\u0103 prin \u00eenlocuirea proceselor vechi cu tehnologie modern\u0103 pentru a facilita fluxuri de lucru automatizate, elimin\u00e2nd blocajele \u0219i redundan\u021bele \u0219i relevan\u021b\u0103, oferind solu\u021bii \u00een timp real, men\u021bin\u00e2ndu-v\u0103 \u00eenaintea concuren\u021bei. Evalu\u0103rile strategice \u0219i planific\u0103rile, evaluarea tehnologiei, proiectarea \u0219i execu\u021bia programelor \u0219i preg\u0103tirea organiza\u021bional\u0103 sunt doar c\u00e2teva dintre misiunile strategice care vor sprijini clien\u021bii no\u0219tri pe parcursul programelor lor.<\/p>\n<h2>Servicii de Adoptare a Cloud-ului:<\/h2>\n<p>Migrarea activit\u0103\u021bilor \u00een cloud nu garanteaz\u0103 automat valoare pentru afacere. O tranzi\u021bie c\u0103tre cloud trebuie realizat\u0103 \u00eempreun\u0103 cu o \u00een\u021belegere complet\u0103 a impactului asupra inova\u021biei, opera\u021biunilor, proceselor \u0219i oamenilor. O strategie bine conceput\u0103 \u0219i holistic\u0103 de transformare \u00een cloud este esen\u021bial\u0103 pentru a ajuta afacerea dumneavoastr\u0103 s\u0103 construiasc\u0103 capabilit\u0103\u021bi cloud \u0219i practici moderne de inginerie. Echipa noastr\u0103 analizeaz\u0103 \u00een profunzime problemele afacerii \u0219i rezultatele dorite pentru a v\u0103 ajuta s\u0103 defini\u021bi \u0219i s\u0103 gestiona\u021bi orice program de transformare cloud sau aplica\u021bie cloud personalizat\u0103.<\/p>\n<h2>Analiza Datelor<\/h2>\n<p>Cu parteneriate solide \u0219i echipe dedicate, av\u00e2nd o vast\u0103 experien\u021b\u0103 \u00een AI, Machine Learning \u0219i Analiza Datelor, putem ghida partenerii no\u0219tri \u00een construirea \u0219i \u00eembun\u0103t\u0103\u021birea capacit\u0103\u021bilor de analiz\u0103 a datelor pentru a facilita analiza predictiv\u0103 \u0219i inteligen\u021ba de afaceri. Managementul cre\u0219terii veniturilor, analiza clien\u021bilor, vizualizarea datelor \u0219i consultan\u021ba media sunt doar c\u00e2teva exemple \u00een care echipele noastre au sprijinit clien\u021bii \u00een trecut.<\/p>\n<h2>Consultan\u021b\u0103 \u00een Inteligen\u021b\u0103 Artificial\u0103:<\/h2>\n<p>Pe m\u0103sur\u0103 ce organiza\u021biile avanseaz\u0103 c\u0103tre digitalizare, cre\u0219terea \u0219i adoptarea inteligen\u021bei artificiale (AI) continu\u0103 s\u0103 se accelereze. Tehnologiile AI, automatizarea proceselor robotizate (RPA), automatizarea inteligent\u0103 a proceselor (IPA) \u0219i diverse abord\u0103ri \u0219i instrumente avansate de analiz\u0103 schimb\u0103 deja modul \u00een care lucr\u0103m, servim clien\u021bii \u0219i livr\u0103m rezultate. Putem s\u0103 v\u0103 ajut\u0103m s\u0103 valorifica\u021bi poten\u021bialul extraordinar al AI prin stimularea inova\u021biei, \u00eembun\u0103t\u0103\u021birea experien\u021bei clien\u021bilor, cre\u0219terea eficien\u021bei, dezvoltarea for\u021bei de munc\u0103 \u0219i \u00eembun\u0103t\u0103\u021birea procesului decizional. Ini\u021bierea unui cadru de guvernan\u021b\u0103 AI de la \u00eenceputul c\u0103l\u0103toriei dumneavoastr\u0103 \u00een AI este esen\u021bial\u0103 pentru a supraveghea cre\u0219terea controlat\u0103, a asigura conformitatea cu noile reglement\u0103ri \u0219i a sublinia o abordare centrat\u0103 pe strategie.<\/p>\n<h2>Solu\u021bii de Protec\u021bia Datelor \u0219i Conformitate GDPR:<\/h2>\n<p>Supraveghem implementarea ac\u021biunilor necesare pentru a atinge conformitatea cu GDPR. Acestea acoper\u0103 activit\u0103\u021bi legate de Oameni, Procese \u0219i Tehnologie, inclusiv managementul formal al proiectelor. Op\u021bional, putem oferi servicii de consultan\u021b\u0103 juridic\u0103 \u0219i preg\u0103tire pentru certific\u0103ri GDPR acreditate, cum ar fi ISO 27701:2019. Domeniul de aplicare include de obicei \u00eembun\u0103t\u0103\u021biri legate de \u201ePrivacy by Design\u201d, cadre politice, Acorduri de Procesare a Datelor, Procese de R\u0103spuns \u0219i Management al Incidentelor, gestionarea Drepturilor Utilizatorilor conform GDPR, politici de P\u0103strare a Datelor, \u00eembun\u0103t\u0103\u021biri ale contractelor cu ter\u021bi \u0219i gestionarea conflictelor de reglementare. Echipa noastr\u0103, sus\u021binut\u0103 de personal calificat \u0219i suport juridic op\u021bional, ofer\u0103 servicii de externalizare a DPO la cele mai \u00eenalte standarde. Modelul nostru include suport la fa\u021ba locului, de la distan\u021b\u0103, prin email \u0219i telefon, disponibil 24\/7, asigur\u00e2nd accesul clien\u021bilor no\u0219tri la suportul necesar, \u00een special \u00een situa\u021bii de urgen\u021b\u0103<br \/>\nLa Baker Tilly, ne m\u00e2ndrim cu capacitatea noastr\u0103 de a oferi servicii de consultan\u021b\u0103 cuprinz\u0103toare \u0219i flexibile, adaptate nevoilor \u0219i nivelurilor de maturitate unice ale diferitelor organiza\u021bii.<br \/>\nObiectivul nostru este s\u0103 oferim un sprijin solid \u00een navigarea complexit\u0103\u021bilor provoc\u0103rilor din mediul digital actual \u0219i viitor, asigur\u00e2ndu-ne c\u0103 clien\u021bii no\u0219tri men\u021bin cele mai \u00eenalte standarde \u0219i ating excelen\u021ba opera\u021bional\u0103.[\/vc_column_text][\/vc_column][\/vc_row]<\/p>\n<\/div>","protected":false},"excerpt":{"rendered":"<p>[vc_row][vc_column][vc_column_text css=&#8221;&#8221;]Implementarea solu\u021biilor digitale implic\u0103 o serie de provoc\u0103ri, iar implementarea lor cu succes stimuleaz\u0103 performan\u021ba afacerii. Oferind certitudinea ca valoarea oferita este un factor cheie pentru integrarea IT \u0219i operationala. \u00cen acela\u0219i timp, organiza\u021biile trebuie s\u0103 fie vigilente \u00een ceea ce prive\u0219te securitatea \u0219i confiden\u021bialitatea datelor, \u00een special \u00een contextul mediului de amenin\u021b\u0103ri \u0219i&hellip;<\/p>\n","protected":false},"author":1,"featured_media":0,"parent":61547,"menu_order":0,"comment_status":"closed","ping_status":"closed","template":"","meta":{"episode_type":"","audio_file":"","cover_image":"","cover_image_id":"","duration":"","filesize":"","date_recorded":"","explicit":"","block":"","filesize_raw":"","footnotes":""},"class_list":["post-61553","page","type-page","status-publish","hentry","description-off"],"yoast_head":"<!-- This site is optimized with the Yoast SEO Premium plugin v25.0 (Yoast SEO v25.0) - https:\/\/yoast.com\/wordpress\/plugins\/seo\/ -->\n<title>Servicii de Consultan\u021b\u0103 Digital\u0103 - Baker Tilly South East Europe<\/title>\n<meta name=\"robots\" content=\"index, follow, max-snippet:-1, max-image-preview:large, max-video-preview:-1\" \/>\n<link rel=\"canonical\" href=\"https:\/\/bakertillysee.com\/ro\/1-creative\/servicii\/digital-risk-advisory-services\/digital-advisory-services\/\" \/>\n<meta property=\"og:locale\" content=\"ro_RO\" \/>\n<meta property=\"og:type\" content=\"article\" \/>\n<meta property=\"og:title\" content=\"Servicii de Consultan\u021b\u0103 Digital\u0103\" \/>\n<meta property=\"og:description\" content=\"[vc_row][vc_column][vc_column_text css=&#8221;&#8221;]Implementarea solu\u021biilor digitale implic\u0103 o serie de provoc\u0103ri, iar implementarea lor cu succes stimuleaz\u0103 performan\u021ba afacerii. Oferind certitudinea ca valoarea oferita este un factor cheie pentru integrarea IT \u0219i operationala. \u00cen acela\u0219i timp, organiza\u021biile trebuie s\u0103 fie vigilente \u00een ceea ce prive\u0219te securitatea \u0219i confiden\u021bialitatea datelor, \u00een special \u00een contextul mediului de amenin\u021b\u0103ri \u0219i&hellip;\" \/>\n<meta property=\"og:url\" content=\"https:\/\/bakertillysee.com\/ro\/1-creative\/servicii\/digital-risk-advisory-services\/digital-advisory-services\/\" \/>\n<meta property=\"og:site_name\" content=\"Baker Tilly South East Europe\" \/>\n<meta property=\"article:modified_time\" content=\"2025-01-10T15:10:30+00:00\" \/>\n<meta name=\"twitter:card\" content=\"summary_large_image\" \/>\n<meta name=\"twitter:label1\" content=\"Timp estimat pentru citire\" \/>\n\t<meta name=\"twitter:data1\" content=\"4 minute\" \/>\n<script type=\"application\/ld+json\" class=\"yoast-schema-graph\">{\"@context\":\"https:\/\/schema.org\",\"@graph\":[{\"@type\":\"WebPage\",\"@id\":\"https:\/\/bakertillysee.com\/ro\/1-creative\/servicii\/digital-risk-advisory-services\/digital-advisory-services\/\",\"url\":\"https:\/\/bakertillysee.com\/ro\/1-creative\/servicii\/digital-risk-advisory-services\/digital-advisory-services\/\",\"name\":\"Servicii de Consultan\u021b\u0103 Digital\u0103 - Baker Tilly South East Europe\",\"isPartOf\":{\"@id\":\"https:\/\/bakertillysee.com\/#website\"},\"datePublished\":\"2024-02-28T13:06:29+00:00\",\"dateModified\":\"2025-01-10T15:10:30+00:00\",\"breadcrumb\":{\"@id\":\"https:\/\/bakertillysee.com\/ro\/1-creative\/servicii\/digital-risk-advisory-services\/digital-advisory-services\/#breadcrumb\"},\"inLanguage\":\"ro-RO\",\"potentialAction\":[{\"@type\":\"ReadAction\",\"target\":[\"https:\/\/bakertillysee.com\/ro\/1-creative\/servicii\/digital-risk-advisory-services\/digital-advisory-services\/\"]}]},{\"@type\":\"BreadcrumbList\",\"@id\":\"https:\/\/bakertillysee.com\/ro\/1-creative\/servicii\/digital-risk-advisory-services\/digital-advisory-services\/#breadcrumb\",\"itemListElement\":[{\"@type\":\"ListItem\",\"position\":1,\"name\":\"Home\",\"item\":\"https:\/\/bakertillysee.com\/ro\/\"},{\"@type\":\"ListItem\",\"position\":2,\"name\":\"Pagina de pornire\",\"item\":\"https:\/\/bakertillysee.com\/ro\/\"},{\"@type\":\"ListItem\",\"position\":3,\"name\":\"Servicii\",\"item\":\"https:\/\/bakertillysee.com\/ro\/1-creative\/servicii\/\"},{\"@type\":\"ListItem\",\"position\":4,\"name\":\"Servicii De Consultan\u021b\u0103 Digital\u0103\",\"item\":\"https:\/\/bakertillysee.com\/ro\/1-creative\/servicii\/digital-risk-advisory-services\/\"},{\"@type\":\"ListItem\",\"position\":5,\"name\":\"Servicii de Consultan\u021b\u0103 Digital\u0103\"}]},{\"@type\":\"WebSite\",\"@id\":\"https:\/\/bakertillysee.com\/#website\",\"url\":\"https:\/\/bakertillysee.com\/\",\"name\":\"Baker Tilly South East Europe\",\"description\":\"Assurance | Tax | Advisory\",\"publisher\":{\"@id\":\"https:\/\/bakertillysee.com\/#organization\"},\"potentialAction\":[{\"@type\":\"SearchAction\",\"target\":{\"@type\":\"EntryPoint\",\"urlTemplate\":\"https:\/\/bakertillysee.com\/?s={search_term_string}\"},\"query-input\":{\"@type\":\"PropertyValueSpecification\",\"valueRequired\":true,\"valueName\":\"search_term_string\"}}],\"inLanguage\":\"ro-RO\"},{\"@type\":\"Organization\",\"@id\":\"https:\/\/bakertillysee.com\/#organization\",\"name\":\"Baker Tilly South East Europe\",\"url\":\"https:\/\/bakertillysee.com\/\",\"logo\":{\"@type\":\"ImageObject\",\"inLanguage\":\"ro-RO\",\"@id\":\"https:\/\/bakertillysee.com\/#\/schema\/logo\/image\/\",\"url\":\"https:\/\/bakertillysee.com\/wp-content\/uploads\/2025\/04\/Baker-Tilly_Charcoal_png-4.png\",\"contentUrl\":\"https:\/\/bakertillysee.com\/wp-content\/uploads\/2025\/04\/Baker-Tilly_Charcoal_png-4.png\",\"width\":449,\"height\":119,\"caption\":\"Baker Tilly South East Europe\"},\"image\":{\"@id\":\"https:\/\/bakertillysee.com\/#\/schema\/logo\/image\/\"}}]}<\/script>\n<!-- \/ Yoast SEO Premium plugin. -->","yoast_head_json":{"title":"Servicii de Consultan\u021b\u0103 Digital\u0103 - Baker Tilly South East Europe","robots":{"index":"index","follow":"follow","max-snippet":"max-snippet:-1","max-image-preview":"max-image-preview:large","max-video-preview":"max-video-preview:-1"},"canonical":"https:\/\/bakertillysee.com\/ro\/1-creative\/servicii\/digital-risk-advisory-services\/digital-advisory-services\/","og_locale":"ro_RO","og_type":"article","og_title":"Servicii de Consultan\u021b\u0103 Digital\u0103","og_description":"[vc_row][vc_column][vc_column_text css=&#8221;&#8221;]Implementarea solu\u021biilor digitale implic\u0103 o serie de provoc\u0103ri, iar implementarea lor cu succes stimuleaz\u0103 performan\u021ba afacerii. Oferind certitudinea ca valoarea oferita este un factor cheie pentru integrarea IT \u0219i operationala. \u00cen acela\u0219i timp, organiza\u021biile trebuie s\u0103 fie vigilente \u00een ceea ce prive\u0219te securitatea \u0219i confiden\u021bialitatea datelor, \u00een special \u00een contextul mediului de amenin\u021b\u0103ri \u0219i&hellip;","og_url":"https:\/\/bakertillysee.com\/ro\/1-creative\/servicii\/digital-risk-advisory-services\/digital-advisory-services\/","og_site_name":"Baker Tilly South East Europe","article_modified_time":"2025-01-10T15:10:30+00:00","twitter_card":"summary_large_image","twitter_misc":{"Timp estimat pentru citire":"4 minute"},"schema":{"@context":"https:\/\/schema.org","@graph":[{"@type":"WebPage","@id":"https:\/\/bakertillysee.com\/ro\/1-creative\/servicii\/digital-risk-advisory-services\/digital-advisory-services\/","url":"https:\/\/bakertillysee.com\/ro\/1-creative\/servicii\/digital-risk-advisory-services\/digital-advisory-services\/","name":"Servicii de Consultan\u021b\u0103 Digital\u0103 - Baker Tilly South East Europe","isPartOf":{"@id":"https:\/\/bakertillysee.com\/#website"},"datePublished":"2024-02-28T13:06:29+00:00","dateModified":"2025-01-10T15:10:30+00:00","breadcrumb":{"@id":"https:\/\/bakertillysee.com\/ro\/1-creative\/servicii\/digital-risk-advisory-services\/digital-advisory-services\/#breadcrumb"},"inLanguage":"ro-RO","potentialAction":[{"@type":"ReadAction","target":["https:\/\/bakertillysee.com\/ro\/1-creative\/servicii\/digital-risk-advisory-services\/digital-advisory-services\/"]}]},{"@type":"BreadcrumbList","@id":"https:\/\/bakertillysee.com\/ro\/1-creative\/servicii\/digital-risk-advisory-services\/digital-advisory-services\/#breadcrumb","itemListElement":[{"@type":"ListItem","position":1,"name":"Home","item":"https:\/\/bakertillysee.com\/ro\/"},{"@type":"ListItem","position":2,"name":"Pagina de pornire","item":"https:\/\/bakertillysee.com\/ro\/"},{"@type":"ListItem","position":3,"name":"Servicii","item":"https:\/\/bakertillysee.com\/ro\/1-creative\/servicii\/"},{"@type":"ListItem","position":4,"name":"Servicii De Consultan\u021b\u0103 Digital\u0103","item":"https:\/\/bakertillysee.com\/ro\/1-creative\/servicii\/digital-risk-advisory-services\/"},{"@type":"ListItem","position":5,"name":"Servicii de Consultan\u021b\u0103 Digital\u0103"}]},{"@type":"WebSite","@id":"https:\/\/bakertillysee.com\/#website","url":"https:\/\/bakertillysee.com\/","name":"Baker Tilly South East Europe","description":"Assurance | Tax | Advisory","publisher":{"@id":"https:\/\/bakertillysee.com\/#organization"},"potentialAction":[{"@type":"SearchAction","target":{"@type":"EntryPoint","urlTemplate":"https:\/\/bakertillysee.com\/?s={search_term_string}"},"query-input":{"@type":"PropertyValueSpecification","valueRequired":true,"valueName":"search_term_string"}}],"inLanguage":"ro-RO"},{"@type":"Organization","@id":"https:\/\/bakertillysee.com\/#organization","name":"Baker Tilly South East Europe","url":"https:\/\/bakertillysee.com\/","logo":{"@type":"ImageObject","inLanguage":"ro-RO","@id":"https:\/\/bakertillysee.com\/#\/schema\/logo\/image\/","url":"https:\/\/bakertillysee.com\/wp-content\/uploads\/2025\/04\/Baker-Tilly_Charcoal_png-4.png","contentUrl":"https:\/\/bakertillysee.com\/wp-content\/uploads\/2025\/04\/Baker-Tilly_Charcoal_png-4.png","width":449,"height":119,"caption":"Baker Tilly South East Europe"},"image":{"@id":"https:\/\/bakertillysee.com\/#\/schema\/logo\/image\/"}}]}},"_links":{"self":[{"href":"https:\/\/bakertillysee.com\/ro\/wp-json\/wp\/v2\/pages\/61553","targetHints":{"allow":["GET"]}}],"collection":[{"href":"https:\/\/bakertillysee.com\/ro\/wp-json\/wp\/v2\/pages"}],"about":[{"href":"https:\/\/bakertillysee.com\/ro\/wp-json\/wp\/v2\/types\/page"}],"author":[{"embeddable":true,"href":"https:\/\/bakertillysee.com\/ro\/wp-json\/wp\/v2\/users\/1"}],"replies":[{"embeddable":true,"href":"https:\/\/bakertillysee.com\/ro\/wp-json\/wp\/v2\/comments?post=61553"}],"version-history":[{"count":1,"href":"https:\/\/bakertillysee.com\/ro\/wp-json\/wp\/v2\/pages\/61553\/revisions"}],"predecessor-version":[{"id":61653,"href":"https:\/\/bakertillysee.com\/ro\/wp-json\/wp\/v2\/pages\/61553\/revisions\/61653"}],"up":[{"embeddable":true,"href":"https:\/\/bakertillysee.com\/ro\/wp-json\/wp\/v2\/pages\/61547"}],"wp:attachment":[{"href":"https:\/\/bakertillysee.com\/ro\/wp-json\/wp\/v2\/media?parent=61553"}],"curies":[{"name":"wp","href":"https:\/\/api.w.org\/{rel}","templated":true}]}}